{"id":495,"date":"2020-05-18T17:52:38","date_gmt":"2020-05-18T17:52:38","guid":{"rendered":"https:\/\/bthf.nu\/?post_type=product&#038;p=495"},"modified":"2023-11-07T20:34:38","modified_gmt":"2023-11-07T20:34:38","slug":"folkets-park-billesholm","status":"publish","type":"product","link":"https:\/\/bthf.nu\/index.php\/product\/folkets-park-billesholm\/","title":{"rendered":"Folkets Park Billesholm"},"content":{"rendered":"<p><strong>Inneh\u00e5ll<\/strong><\/p>\n<p>F\u00f6rord<br \/>\nM\u00f6ten, dans och S\u00f6dergren<br \/>\nUpptr\u00e4den&#8230;., och ordning och reda<br \/>\nH\u00f6gkonjunktur, publikmagneter och rappa servitriser<br \/>\nF\u00f6rre vakten Ernst &#8221;Atte&#8221; Brod\u00e9n minns \u00e4nnu kv\u00e4llen n\u00e4r en kollega bytte r\u00f6kvanor<br \/>\nNykvist, publikrekord och jubileum<br \/>\nSnoddas, sv\u00e4ngiga band och tv\u00e5 dansbanor<br \/>\nFortsatt medvind och festliga fredagar&#8230; ett antal \u00e5r<br \/>\nRut, Bosse, fart och f\u00f6rnyelse<\/p>\n","protected":false},"excerpt":{"rendered":"<p>En 100- \u00e5rskr\u00f6nika av Hasse &#8221;HP&#8221; Persson<\/p>\n<p>Bandtyp: H\u00e4ftad<br \/>\nF\u00f6rlag:<br \/>\nUpplaga: 1:a<br \/>\nSpr\u00e5k: Svenska<\/p>\n","protected":false},"featured_media":496,"template":"","meta":[],"product_brand":[],"product_cat":[17],"product_tag":[45,39,24,48],"class_list":{"0":"post-495","1":"product","2":"type-product","3":"status-publish","4":"has-post-thumbnail","6":"product_cat-hembygdsbocker","7":"product_tag-billesholm","8":"product_tag-folk-park","9":"product_tag-hembygdsbok","10":"product_tag-hp","12":"first","13":"outofstock","14":"shipping-taxable","15":"purchasable","16":"product-type-simple","17":"customify-col"},"jetpack_sharing_enabled":true,"_links":{"self":[{"href":"https:\/\/bthf.nu\/index.php\/wp-json\/wp\/v2\/product\/495","targetHints":{"allow":["GET"]}}],"collection":[{"href":"https:\/\/bthf.nu\/index.php\/wp-json\/wp\/v2\/product"}],"about":[{"href":"https:\/\/bthf.nu\/index.php\/wp-json\/wp\/v2\/types\/product"}],"version-history":[{"count":1,"href":"https:\/\/bthf.nu\/index.php\/wp-json\/wp\/v2\/product\/495\/revisions"}],"predecessor-version":[{"id":497,"href":"https:\/\/bthf.nu\/index.php\/wp-json\/wp\/v2\/product\/495\/revisions\/497"}],"wp:featuredmedia":[{"embeddable":true,"href":"https:\/\/bthf.nu\/index.php\/wp-json\/wp\/v2\/media\/496"}],"wp:attachment":[{"href":"https:\/\/bthf.nu\/index.php\/wp-json\/wp\/v2\/media?parent=495"}],"wp:term":[{"taxonomy":"product_brand","embeddable":true,"href":"https:\/\/bthf.nu\/index.php\/wp-json\/wp\/v2\/product_brand?post=495"},{"taxonomy":"product_cat","embeddable":true,"href":"https:\/\/bthf.nu\/index.php\/wp-json\/wp\/v2\/product_cat?post=495"},{"taxonomy":"product_tag","embeddable":true,"href":"https:\/\/bthf.nu\/index.php\/wp-json\/wp\/v2\/product_tag?post=495"}],"curies":[{"name":"wp","href":"https:\/\/api.w.org\/{rel}","templated":true}]}}