{"id":493,"date":"2020-05-18T14:22:03","date_gmt":"2020-05-18T14:22:03","guid":{"rendered":"https:\/\/bthf.nu\/?post_type=product&#038;p=493"},"modified":"2026-03-08T08:16:20","modified_gmt":"2026-03-08T08:16:20","slug":"tre-skanska-gruvorter-en-hembygdsbok-om-bjuv-billesholm-och-ekeby","status":"publish","type":"product","link":"https:\/\/bthf.nu\/index.php\/product\/tre-skanska-gruvorter-en-hembygdsbok-om-bjuv-billesholm-och-ekeby\/","title":{"rendered":"Tre sk\u00e5nska gruvorter \u2014 en hembygdsbok om Bjuv, Billesholm och Ekeby"},"content":{"rendered":"<p><strong>Inneh\u00e5ll<\/strong><\/p>\n<p>F\u00f6rord, <em>Lennart Stenmo<\/em><br \/>\nI. Historia<br \/>\nDen historiska bakgrunden, <em>Ernst Olsson<\/em><br \/>\nKyrkligt i gamla sockenprotokoll, <em>Thure Berg<\/em><br \/>\nJordbrukets f\u00f6ruts\u00e4ttningar i \u00e4ldre tid, <em>Walter Sj\u00f6lin<\/em><br \/>\nFr\u00e5n gamla Lunnoms by, <em>Albin Lundvall<\/em><br \/>\nD\u00e5 v\u00e5rt sekel f\u00f6ddes, <em>Walter Sj\u00f6lin<\/em><br \/>\nII. Bjuv<br \/>\nKarta \u00f6ver Bjuvsbygden<br \/>\nBjuv i gammal tid, <em>Ragnar Jeppsson<\/em><br \/>\nS\u00e5 minns jag gamla Bjuv, <em>Tage W Nilsson<\/em><br \/>\nBjuvsbygden 1914-1918, <em>Sture Larsson<\/em><br \/>\nTv\u00e5 uppskattade l\u00e4kare, <em>Erik Gustavsson<\/em><br \/>\nN\u00e4r Bjuv blev k\u00f6ping, <em>Ernst Olsson<\/em><br \/>\nIII. Billesholm<br \/>\nKarta \u00f6ver Billesholmsbygden<br \/>\nBillesholm f\u00f6rr och nu, <em>Nils Holm<\/em><br \/>\nSamh\u00e4llet som inte ville d\u00f6, <em>Ernst Olsson<\/em><br \/>\nHush\u00e5lls- och handelsvanor, <em>Walter Sj\u00f6lin<\/em><br \/>\nIV. Ekeby<br \/>\nKarta \u00f6ver Ekebybygden<br \/>\nEkeby socken, <em>Owe Berggren<\/em><br \/>\nEtt brukssamh\u00e4lle v\u00e4xer fram, <em>Ann-Margret Wendt m.fl<\/em><br \/>\nStriden om sj\u00e4larna, Studiecirkeln \u201dStiga vi mot ljuset\u201d<br \/>\nV. Geologi m.m.<br \/>\nNaturreservatet \u00c5varps f\u00e4lad<br \/>\nDen geologiska uppbyggnaden, <em>Erik Mohr\u00e9n<\/em><br \/>\nGruv- och industrihistoria i \u00e5rtal<br \/>\nF\u00f6rklaringar<br \/>\nSlutord, <em>Ann-Margret Wendt<\/em><\/p>\n","protected":false},"excerpt":{"rendered":"<p>av Bjuvs kultur- &amp; fritidsn\u00e4mnd i samarbete<br \/>\nmed Billesholmstraktens Hembygdsf\u00f6rening<\/p>\n<p>Bandtyp: Inbunden<br \/>\nF\u00f6rlag: Billesholmstraktens Hembygdsf\u00f6rening<br \/>\nUpplaga: 2:a<br \/>\nSpr\u00e5k: Svenska<br \/>\nISBN: 978-91-982416-0-0<\/p>\n","protected":false},"featured_media":373,"template":"","meta":[],"product_brand":[],"product_cat":[17],"product_tag":[45,44,46,43,47,24],"class_list":{"0":"post-493","1":"product","2":"type-product","3":"status-publish","4":"has-post-thumbnail","6":"product_cat-hembygdsbocker","7":"product_tag-billesholm","8":"product_tag-bjuv","9":"product_tag-ekeby","10":"product_tag-gruvor","11":"product_tag-hembygd","12":"product_tag-hembygdsbok","14":"first","15":"outofstock","16":"shipping-taxable","17":"purchasable","18":"product-type-simple","19":"customify-col"},"jetpack_sharing_enabled":true,"_links":{"self":[{"href":"https:\/\/bthf.nu\/index.php\/wp-json\/wp\/v2\/product\/493","targetHints":{"allow":["GET"]}}],"collection":[{"href":"https:\/\/bthf.nu\/index.php\/wp-json\/wp\/v2\/product"}],"about":[{"href":"https:\/\/bthf.nu\/index.php\/wp-json\/wp\/v2\/types\/product"}],"version-history":[{"count":1,"href":"https:\/\/bthf.nu\/index.php\/wp-json\/wp\/v2\/product\/493\/revisions"}],"predecessor-version":[{"id":494,"href":"https:\/\/bthf.nu\/index.php\/wp-json\/wp\/v2\/product\/493\/revisions\/494"}],"wp:featuredmedia":[{"embeddable":true,"href":"https:\/\/bthf.nu\/index.php\/wp-json\/wp\/v2\/media\/373"}],"wp:attachment":[{"href":"https:\/\/bthf.nu\/index.php\/wp-json\/wp\/v2\/media?parent=493"}],"wp:term":[{"taxonomy":"product_brand","embeddable":true,"href":"https:\/\/bthf.nu\/index.php\/wp-json\/wp\/v2\/product_brand?post=493"},{"taxonomy":"product_cat","embeddable":true,"href":"https:\/\/bthf.nu\/index.php\/wp-json\/wp\/v2\/product_cat?post=493"},{"taxonomy":"product_tag","embeddable":true,"href":"https:\/\/bthf.nu\/index.php\/wp-json\/wp\/v2\/product_tag?post=493"}],"curies":[{"name":"wp","href":"https:\/\/api.w.org\/{rel}","templated":true}]}}