{"id":454,"date":"2020-05-17T14:42:50","date_gmt":"2020-05-17T14:42:50","guid":{"rendered":"https:\/\/bthf.nu\/?post_type=product&#038;p=454"},"modified":"2020-05-17T14:42:50","modified_gmt":"2020-05-17T14:42:50","slug":"kriegs-album","status":"publish","type":"product","link":"https:\/\/bthf.nu\/index.php\/product\/kriegs-album\/","title":{"rendered":"Kriegs-album"},"content":{"rendered":"","protected":false},"excerpt":{"rendered":"<p>Kriegs-album fr\u00e5n 1870-71 \u00e5rs krig (189 depescher) l\u00e4derp\u00e4rm 1871<\/p>\n","protected":false},"featured_media":455,"template":"","meta":[],"product_brand":[],"product_cat":[28],"product_tag":[29,30,31],"class_list":{"0":"post-454","1":"product","2":"type-product","3":"status-publish","4":"has-post-thumbnail","6":"product_cat-antikvariat","7":"product_tag-antikvariat","8":"product_tag-depescher","9":"product_tag-kriegs","11":"first","12":"instock","13":"sold-individually","14":"shipping-taxable","15":"purchasable","16":"product-type-simple","17":"customify-col","18":"product-has-gallery"},"jetpack_sharing_enabled":true,"_links":{"self":[{"href":"https:\/\/bthf.nu\/index.php\/wp-json\/wp\/v2\/product\/454","targetHints":{"allow":["GET"]}}],"collection":[{"href":"https:\/\/bthf.nu\/index.php\/wp-json\/wp\/v2\/product"}],"about":[{"href":"https:\/\/bthf.nu\/index.php\/wp-json\/wp\/v2\/types\/product"}],"version-history":[{"count":1,"href":"https:\/\/bthf.nu\/index.php\/wp-json\/wp\/v2\/product\/454\/revisions"}],"predecessor-version":[{"id":458,"href":"https:\/\/bthf.nu\/index.php\/wp-json\/wp\/v2\/product\/454\/revisions\/458"}],"wp:featuredmedia":[{"embeddable":true,"href":"https:\/\/bthf.nu\/index.php\/wp-json\/wp\/v2\/media\/455"}],"wp:attachment":[{"href":"https:\/\/bthf.nu\/index.php\/wp-json\/wp\/v2\/media?parent=454"}],"wp:term":[{"taxonomy":"product_brand","embeddable":true,"href":"https:\/\/bthf.nu\/index.php\/wp-json\/wp\/v2\/product_brand?post=454"},{"taxonomy":"product_cat","embeddable":true,"href":"https:\/\/bthf.nu\/index.php\/wp-json\/wp\/v2\/product_cat?post=454"},{"taxonomy":"product_tag","embeddable":true,"href":"https:\/\/bthf.nu\/index.php\/wp-json\/wp\/v2\/product_tag?post=454"}],"curies":[{"name":"wp","href":"https:\/\/api.w.org\/{rel}","templated":true}]}}