{"id":388,"date":"2020-05-03T15:31:24","date_gmt":"2020-05-03T15:31:24","guid":{"rendered":"https:\/\/bthf.nu\/?post_type=product&#038;p=388"},"modified":"2024-07-17T14:48:15","modified_gmt":"2024-07-17T14:48:15","slug":"eo2","status":"publish","type":"product","link":"https:\/\/bthf.nu\/index.php\/product\/eo2\/","title":{"rendered":"Bilder och ber\u00e4ttelser fr\u00e5n Bjuv, Billesholm och Ekeby"},"content":{"rendered":"<p><strong>Inneh\u00e5ll<\/strong><br \/>\nInledning<br \/>\nBref fr\u00e5n Sk\u00e5ne<br \/>\nWrams Gunnarstorp &#8211; &#8221;S\u00f6der\u00e5sens p\u00e4rla&#8221;<br \/>\nEnok och huset, novell<br \/>\nKantor Thure Olsson och Bjuvs s\u00e5ngk\u00f6r<br \/>\nRunt det gamla torget<br \/>\nKolfebern i S\u00f6dra Vram<br \/>\nG. H. Mellin &#8211; litterat\u00f6r och vision\u00e4r<br \/>\nAnna Lindergren, dikt<br \/>\nV\u00e5r vandrande reporter<br \/>\nIOGT-logen Enigt Fram\u00e5t<br \/>\nTvillingarna &#8211; en s\u00e4gen<br \/>\nSl\u00e4kten Ged<br \/>\nGedsholm, dikt<br \/>\nThorvald Torp &#8211; j\u00e4garen p\u00e5 Boserup<br \/>\nEkeby kyrka &#8211; f\u00f6rsamlingskyrka med anor<br \/>\nDet svenska kolet &#8211; ett historiskt inl\u00e4gg<br \/>\nPriset f\u00f6r kol, teckning<br \/>\nH\u00e5gkomster fr\u00e5n tiden vid sekelskiftet<br \/>\nFrikyrkorna i Billesholm<br \/>\nAvslutning<\/p>\n","protected":false},"excerpt":{"rendered":"<p>av Ernst Olsson<\/p>\n<p>Bandtyp: H\u00e4ftad<br \/>\nF\u00f6rlag: Ernst Olsson<br \/>\nUpplaga:<br \/>\nSpr\u00e5k: Svenska<br \/>\nISBN:<\/p>\n","protected":false},"featured_media":362,"template":"","meta":[],"product_brand":[],"product_cat":[17],"product_tag":[24],"class_list":{"0":"post-388","1":"product","2":"type-product","3":"status-publish","4":"has-post-thumbnail","6":"product_cat-hembygdsbocker","7":"product_tag-hembygdsbok","9":"first","10":"instock","11":"shipping-taxable","12":"purchasable","13":"product-type-simple","14":"customify-col"},"jetpack_sharing_enabled":true,"_links":{"self":[{"href":"https:\/\/bthf.nu\/index.php\/wp-json\/wp\/v2\/product\/388","targetHints":{"allow":["GET"]}}],"collection":[{"href":"https:\/\/bthf.nu\/index.php\/wp-json\/wp\/v2\/product"}],"about":[{"href":"https:\/\/bthf.nu\/index.php\/wp-json\/wp\/v2\/types\/product"}],"version-history":[{"count":2,"href":"https:\/\/bthf.nu\/index.php\/wp-json\/wp\/v2\/product\/388\/revisions"}],"predecessor-version":[{"id":407,"href":"https:\/\/bthf.nu\/index.php\/wp-json\/wp\/v2\/product\/388\/revisions\/407"}],"wp:featuredmedia":[{"embeddable":true,"href":"https:\/\/bthf.nu\/index.php\/wp-json\/wp\/v2\/media\/362"}],"wp:attachment":[{"href":"https:\/\/bthf.nu\/index.php\/wp-json\/wp\/v2\/media?parent=388"}],"wp:term":[{"taxonomy":"product_brand","embeddable":true,"href":"https:\/\/bthf.nu\/index.php\/wp-json\/wp\/v2\/product_brand?post=388"},{"taxonomy":"product_cat","embeddable":true,"href":"https:\/\/bthf.nu\/index.php\/wp-json\/wp\/v2\/product_cat?post=388"},{"taxonomy":"product_tag","embeddable":true,"href":"https:\/\/bthf.nu\/index.php\/wp-json\/wp\/v2\/product_tag?post=388"}],"curies":[{"name":"wp","href":"https:\/\/api.w.org\/{rel}","templated":true}]}}