{"id":378,"date":"2020-05-03T14:53:43","date_gmt":"2020-05-03T14:53:43","guid":{"rendered":"https:\/\/bthf.nu\/?post_type=product&#038;p=378"},"modified":"2021-04-28T08:35:22","modified_gmt":"2021-04-28T08:35:22","slug":"jj2","status":"publish","type":"product","link":"https:\/\/bthf.nu\/index.php\/product\/jj2\/","title":{"rendered":"Norra Vrams Socken Norra delen med Vrams Gunnarstorp, gruvsamh\u00e4llet Gunnarstorp och den gamla byn Ravnstorp"},"content":{"rendered":"<p><strong>Inneh\u00e5ll<\/strong><br \/>\nF\u00f6rord<br \/>\nI SOCKNEN NORRA VRAM<br \/>\nII (VRAMS) GUNNARSTORP<br \/>\nGodsets etablering<br \/>\nPossession<br \/>\nSlottet<br \/>\nAnst\u00e4lld personal under senare tid<br \/>\nJordbruket<br \/>\nMejeriet<br \/>\nSkvaltkvarnen<br \/>\nS\u00e5gm\u00f6llan<br \/>\nBr\u00e4nneriet<br \/>\nTegelbruket<br \/>\nTr\u00e4dg\u00e5rdsodlingen<br \/>\nSkogen<br \/>\nS\u00e5gverket<br \/>\nHjorthagen, Djurg\u00e5rden<br \/>\nIII \u00d6VRIGA BOPLATSER OCH ENHETER<br \/>\nIV \u00c4NGS-OCH F\u00c4LADSMARKERNA<br \/>\nV RAVNSTORPSBY<br \/>\nVI GUNNARSTORP<br \/>\nGruva och samh\u00e4lle<br \/>\nSkolbyggnader och undervisning<br \/>\nH\u00e4lsingborg-H\u00e4ssleholms J\u00e4rnv\u00e4g<br \/>\nSpeceri-och diverseaff\u00e4rer<br \/>\nBMH Marine AB<br \/>\nDiverse mindre f\u00f6retag<br \/>\nGunnarstorps Idrottsf\u00f6rening<br \/>\nMusiklivet<br \/>\nSammanfattning<br \/>\nK\u00e4llor och litteratur<br \/>\nPersonf\u00f6rteckning<br \/>\nRegister<br \/>\nF\u00f6rkortningar<br \/>\nAnnonser<\/p>\n","protected":false},"excerpt":{"rendered":"<p>av John Johansson<\/p>\n<p>Bandtyp: Inbunden<br \/>\nF\u00f6rlag:<br \/>\nUpplaga:<br \/>\nSpr\u00e5k: Svenska<br \/>\nISBN:<\/p>\n","protected":false},"featured_media":371,"template":"","meta":[],"product_brand":[],"product_cat":[17],"product_tag":[24],"class_list":{"0":"post-378","1":"product","2":"type-product","3":"status-publish","4":"has-post-thumbnail","6":"product_cat-hembygdsbocker","7":"product_tag-hembygdsbok","9":"first","10":"instock","11":"shipping-taxable","12":"purchasable","13":"product-type-simple","14":"customify-col"},"jetpack_sharing_enabled":true,"_links":{"self":[{"href":"https:\/\/bthf.nu\/index.php\/wp-json\/wp\/v2\/product\/378","targetHints":{"allow":["GET"]}}],"collection":[{"href":"https:\/\/bthf.nu\/index.php\/wp-json\/wp\/v2\/product"}],"about":[{"href":"https:\/\/bthf.nu\/index.php\/wp-json\/wp\/v2\/types\/product"}],"version-history":[{"count":1,"href":"https:\/\/bthf.nu\/index.php\/wp-json\/wp\/v2\/product\/378\/revisions"}],"predecessor-version":[{"id":379,"href":"https:\/\/bthf.nu\/index.php\/wp-json\/wp\/v2\/product\/378\/revisions\/379"}],"wp:featuredmedia":[{"embeddable":true,"href":"https:\/\/bthf.nu\/index.php\/wp-json\/wp\/v2\/media\/371"}],"wp:attachment":[{"href":"https:\/\/bthf.nu\/index.php\/wp-json\/wp\/v2\/media?parent=378"}],"wp:term":[{"taxonomy":"product_brand","embeddable":true,"href":"https:\/\/bthf.nu\/index.php\/wp-json\/wp\/v2\/product_brand?post=378"},{"taxonomy":"product_cat","embeddable":true,"href":"https:\/\/bthf.nu\/index.php\/wp-json\/wp\/v2\/product_cat?post=378"},{"taxonomy":"product_tag","embeddable":true,"href":"https:\/\/bthf.nu\/index.php\/wp-json\/wp\/v2\/product_tag?post=378"}],"curies":[{"name":"wp","href":"https:\/\/api.w.org\/{rel}","templated":true}]}}