{"id":337,"date":"2020-05-03T09:51:10","date_gmt":"2020-05-03T09:51:10","guid":{"rendered":"https:\/\/bthf.nu\/?post_type=product&#038;p=337"},"modified":"2026-01-13T09:32:35","modified_gmt":"2026-01-13T09:32:35","slug":"arsskrift-2017","status":"publish","type":"product","link":"https:\/\/bthf.nu\/index.php\/product\/arsskrift-2017\/","title":{"rendered":"\u00c5rsskrift 2017"},"content":{"rendered":"<p><strong>Inneh\u00e5ll<\/strong><br \/>\nHans Alsholm (1941-2017)<br \/>\nMargit Birgersson<br \/>\nMina minnen av Margit Birgersson och hennes tavlor<br \/>\nSl\u00e4kten Ged<br \/>\nPlatsen<br \/>\nMin barndoms Billesholm<br \/>\nIngeborg och Gunnar i Gunnarstorp<br \/>\nGedsholm<br \/>\nKol, lera och glasull under 100\u00e5r<br \/>\nSeder och bruk ur allmogens liv under 1850- och 1860 talet i Bjuvs socken<br \/>\nSt\u00e4llverksomr\u00e5det i \u00c5varp<\/p>\n","protected":false},"excerpt":{"rendered":"<p>Bandtyp: Limbunden<br \/>\nF\u00f6rlag: BTHF<br \/>\nUpplaga: 625<br \/>\nSpr\u00e5k: Svenska<br \/>\nISBN:\u00a0978-91-982416-4-8<\/p>\n","protected":false},"featured_media":327,"template":"","meta":[],"product_brand":[],"product_cat":[19],"product_tag":[20],"class_list":{"0":"post-337","1":"product","2":"type-product","3":"status-publish","4":"has-post-thumbnail","6":"product_cat-arsskrifter","7":"product_tag-arsskrifter","9":"first","10":"instock","11":"shipping-taxable","12":"purchasable","13":"product-type-simple","14":"customify-col"},"jetpack_sharing_enabled":true,"_links":{"self":[{"href":"https:\/\/bthf.nu\/index.php\/wp-json\/wp\/v2\/product\/337","targetHints":{"allow":["GET"]}}],"collection":[{"href":"https:\/\/bthf.nu\/index.php\/wp-json\/wp\/v2\/product"}],"about":[{"href":"https:\/\/bthf.nu\/index.php\/wp-json\/wp\/v2\/types\/product"}],"version-history":[{"count":2,"href":"https:\/\/bthf.nu\/index.php\/wp-json\/wp\/v2\/product\/337\/revisions"}],"predecessor-version":[{"id":1692,"href":"https:\/\/bthf.nu\/index.php\/wp-json\/wp\/v2\/product\/337\/revisions\/1692"}],"wp:featuredmedia":[{"embeddable":true,"href":"https:\/\/bthf.nu\/index.php\/wp-json\/wp\/v2\/media\/327"}],"wp:attachment":[{"href":"https:\/\/bthf.nu\/index.php\/wp-json\/wp\/v2\/media?parent=337"}],"wp:term":[{"taxonomy":"product_brand","embeddable":true,"href":"https:\/\/bthf.nu\/index.php\/wp-json\/wp\/v2\/product_brand?post=337"},{"taxonomy":"product_cat","embeddable":true,"href":"https:\/\/bthf.nu\/index.php\/wp-json\/wp\/v2\/product_cat?post=337"},{"taxonomy":"product_tag","embeddable":true,"href":"https:\/\/bthf.nu\/index.php\/wp-json\/wp\/v2\/product_tag?post=337"}],"curies":[{"name":"wp","href":"https:\/\/api.w.org\/{rel}","templated":true}]}}