{"id":335,"date":"2020-05-03T09:48:15","date_gmt":"2020-05-03T09:48:15","guid":{"rendered":"https:\/\/bthf.nu\/?post_type=product&#038;p=335"},"modified":"2026-01-13T09:32:07","modified_gmt":"2026-01-13T09:32:07","slug":"arsskrift-2016","status":"publish","type":"product","link":"https:\/\/bthf.nu\/index.php\/product\/arsskrift-2016\/","title":{"rendered":"\u00c5rsskrift 2016"},"content":{"rendered":"<p><strong>Inneh\u00e5ll<\/strong><br \/>\nTill minne av Gunnar Sj\u00f6berg, <em>Hans Wilson<\/em><br \/>\nTill minne av Sture J\u00f6nsson, Hans Wilson<br \/>\nAllan Andersson \u2013 pratglad gl\u00e4djespridare, <em>Gunnar Nilsson och Hans Alsholm<\/em><br \/>\nBertil Hylm\u00f6 \u2013 Finduspionj\u00e4r med v\u00e4rldsrykte,<em> Ija Alsholm<\/em><br \/>\nElsa J\u00f6nsson ber\u00e4ttar om sin barndom i Ekeby<br \/>\nFr\u00e5n havens vida vidder till gruvans kolsvarta m\u00f6rker,<em> Leif T\u00f6rnqvist<\/em><br \/>\nS\u00f6dra Vrams och Billesholms historia, <em>Hans Alsholm<\/em><br \/>\nBjuvs IF 1919-2008 (Del2), <em>Olle Lundgren<\/em><br \/>\nKommunalhuset i Ekeby kommun, <em>Ann Margret Wendt och Mats Olsson<\/em><br \/>\nBjuvs kyrka, <em>Hans Wilson<\/em><\/p>\n","protected":false},"excerpt":{"rendered":"<p>Bandtyp: H\u00e4ftad<br \/>\nF\u00f6rlag: BTHF<br \/>\nUpplaga: 625<br \/>\nSpr\u00e5k: Svenska<br \/>\nISBN: 978-91-982416-3-1<\/p>\n","protected":false},"featured_media":326,"template":"","meta":[],"product_brand":[],"product_cat":[19],"product_tag":[20],"class_list":{"0":"post-335","1":"product","2":"type-product","3":"status-publish","4":"has-post-thumbnail","6":"product_cat-arsskrifter","7":"product_tag-arsskrifter","9":"first","10":"instock","11":"shipping-taxable","12":"purchasable","13":"product-type-simple","14":"customify-col"},"jetpack_sharing_enabled":true,"_links":{"self":[{"href":"https:\/\/bthf.nu\/index.php\/wp-json\/wp\/v2\/product\/335","targetHints":{"allow":["GET"]}}],"collection":[{"href":"https:\/\/bthf.nu\/index.php\/wp-json\/wp\/v2\/product"}],"about":[{"href":"https:\/\/bthf.nu\/index.php\/wp-json\/wp\/v2\/types\/product"}],"version-history":[{"count":1,"href":"https:\/\/bthf.nu\/index.php\/wp-json\/wp\/v2\/product\/335\/revisions"}],"predecessor-version":[{"id":336,"href":"https:\/\/bthf.nu\/index.php\/wp-json\/wp\/v2\/product\/335\/revisions\/336"}],"wp:featuredmedia":[{"embeddable":true,"href":"https:\/\/bthf.nu\/index.php\/wp-json\/wp\/v2\/media\/326"}],"wp:attachment":[{"href":"https:\/\/bthf.nu\/index.php\/wp-json\/wp\/v2\/media?parent=335"}],"wp:term":[{"taxonomy":"product_brand","embeddable":true,"href":"https:\/\/bthf.nu\/index.php\/wp-json\/wp\/v2\/product_brand?post=335"},{"taxonomy":"product_cat","embeddable":true,"href":"https:\/\/bthf.nu\/index.php\/wp-json\/wp\/v2\/product_cat?post=335"},{"taxonomy":"product_tag","embeddable":true,"href":"https:\/\/bthf.nu\/index.php\/wp-json\/wp\/v2\/product_tag?post=335"}],"curies":[{"name":"wp","href":"https:\/\/api.w.org\/{rel}","templated":true}]}}