{"id":333,"date":"2020-05-03T09:44:20","date_gmt":"2020-05-03T09:44:20","guid":{"rendered":"https:\/\/bthf.nu\/?post_type=product&#038;p=333"},"modified":"2026-01-13T09:31:30","modified_gmt":"2026-01-13T09:31:30","slug":"arsskrift-2015","status":"publish","type":"product","link":"https:\/\/bthf.nu\/index.php\/product\/arsskrift-2015\/","title":{"rendered":"\u00c5rsskrift 2015"},"content":{"rendered":"<p><strong>Inneh\u00e5ll<\/strong><br \/>\n\u00d6det f\u00f6rde mig till Ekeby, <em>Elin Sigebo<\/em><br \/>\nGunnarstorps IF, <em>Leif T\u00f6rnqvist<\/em><br \/>\nFr\u00e5n Kropps AB till H\u00f6gan\u00e4s-Bjuf AB, <em>Olle Lundgren<\/em><br \/>\nBillesholms Brandk\u00e5r, <em>Hasse \u201dHP\u201d Persson<\/em><br \/>\nHistorien om en dynamisk f\u00f6retagsledare &#8211; Karl Evert Flinck, <em>Hans Wilson<\/em><br \/>\nSveriges b\u00e4sta skolmat, <em>Ulla Hedin<\/em><br \/>\nBjuvs IF 1919-2008, <em>Olle Lundgren<\/em><br \/>\nNorra Vrams pr\u00e4stg\u00e5rd byggd 1816<br \/>\nNorra Vrams pr\u00e4stg\u00e5rd och dess f\u00f6reg\u00e5ngare, <em>Lars Lindh<\/em><br \/>\nKyrkoherdar i Norra Vrams pr\u00e4stg\u00e5rd<br \/>\nNorra Vrams pr\u00e4stg\u00e5rd under Carolis tid, <em>Gunnar Carol<\/em>i<br \/>\nNorra Vrams pr\u00e4stg\u00e5rd blir hembygdsg\u00e5rd, <em>Hans Wilson<\/em><\/p>\n","protected":false},"excerpt":{"rendered":"<p>Bandtyp: H\u00e4ftad<br \/>\nF\u00f6rlag: BTHF<br \/>\nUpplaga: 625<br \/>\nSpr\u00e5k: Svenska<br \/>\nISBN: 978-91-982416-2-4<\/p>\n","protected":false},"featured_media":325,"template":"","meta":[],"product_brand":[],"product_cat":[19],"product_tag":[20],"class_list":{"0":"post-333","1":"product","2":"type-product","3":"status-publish","4":"has-post-thumbnail","6":"product_cat-arsskrifter","7":"product_tag-arsskrifter","9":"first","10":"instock","11":"shipping-taxable","12":"purchasable","13":"product-type-simple","14":"customify-col"},"jetpack_sharing_enabled":true,"_links":{"self":[{"href":"https:\/\/bthf.nu\/index.php\/wp-json\/wp\/v2\/product\/333","targetHints":{"allow":["GET"]}}],"collection":[{"href":"https:\/\/bthf.nu\/index.php\/wp-json\/wp\/v2\/product"}],"about":[{"href":"https:\/\/bthf.nu\/index.php\/wp-json\/wp\/v2\/types\/product"}],"version-history":[{"count":1,"href":"https:\/\/bthf.nu\/index.php\/wp-json\/wp\/v2\/product\/333\/revisions"}],"predecessor-version":[{"id":334,"href":"https:\/\/bthf.nu\/index.php\/wp-json\/wp\/v2\/product\/333\/revisions\/334"}],"wp:featuredmedia":[{"embeddable":true,"href":"https:\/\/bthf.nu\/index.php\/wp-json\/wp\/v2\/media\/325"}],"wp:attachment":[{"href":"https:\/\/bthf.nu\/index.php\/wp-json\/wp\/v2\/media?parent=333"}],"wp:term":[{"taxonomy":"product_brand","embeddable":true,"href":"https:\/\/bthf.nu\/index.php\/wp-json\/wp\/v2\/product_brand?post=333"},{"taxonomy":"product_cat","embeddable":true,"href":"https:\/\/bthf.nu\/index.php\/wp-json\/wp\/v2\/product_cat?post=333"},{"taxonomy":"product_tag","embeddable":true,"href":"https:\/\/bthf.nu\/index.php\/wp-json\/wp\/v2\/product_tag?post=333"}],"curies":[{"name":"wp","href":"https:\/\/api.w.org\/{rel}","templated":true}]}}