{"id":322,"date":"2020-05-03T09:32:30","date_gmt":"2020-05-03T09:32:30","guid":{"rendered":"https:\/\/bthf.nu\/?post_type=product&#038;p=322"},"modified":"2026-01-13T09:30:28","modified_gmt":"2026-01-13T09:30:28","slug":"arsskrift-2013","status":"publish","type":"product","link":"https:\/\/bthf.nu\/index.php\/product\/arsskrift-2013\/","title":{"rendered":"\u00c5rsskrift 2013"},"content":{"rendered":"<p><strong>Inneh\u00e5ll<\/strong><br \/>\nTill minne av Maj-Britt J\u00f6nsson, <em>Hans Wilson<\/em><br \/>\nHedersmannen Evald Johansson i Bjuv, <em>Olle Lundgren<\/em><br \/>\nBillesholms Musikk\u00e5r, Eva Steen, <em>Hans Alsholm<\/em><br \/>\nVram Grand Prix 80-\u00e5rsjubileum, <em>Sten Sundstr\u00f6m<\/em><br \/>\nOla Cappelin, <em>Hans Wilson<\/em><br \/>\nGunnarstorps Musikk\u00e5r, <em>Leif Th\u00f6rnqvist<\/em><br \/>\nAllan G\u00f6ransson \u2013 f\u00e4rgstark f\u00f6retagare med gr\u00f6na fingrar, <em>Hans Wilson<\/em><br \/>\nSkromberga Bl\u00e5sorkester, <em>Kristel Viberg<\/em><br \/>\nSkr\u00e4ckv\u00e4lde och motst\u00e5ndsr\u00f6relse i Sk\u00e5ne, <em>Valter Sj\u00f6lin\/Hans Alsholm<\/em><br \/>\nEric M\u00e5lare, <em>Kristel Viberg<\/em><br \/>\nBr\u00e4nnpunkten, <em>Leif Th\u00f6rnqvist, Kristel Viberg<\/em><br \/>\nBjuvs Musikk\u00e5r, <em>Hans Alsholm<\/em><br \/>\nUr T\u00e5garps m\u00f6rker steg en man, <em>Bo Alvberger<\/em><br \/>\nArbetarhj\u00e4lte eller kyrkoherde, <em>Bo Alvberger<\/em><br \/>\nBillesholm f\u00f6r 90 \u00e5r sedan, <em>Ok\u00e4nd\/Hans Alsholm<\/em><br \/>\nAllt arbete inom R\u00e4dda Barnen, <em>R\u00e4dda barnens lokalf\u00f6rening i Bjuv<\/em><br \/>\nGamla p\u00e5hitt &#8211; aktuella \u00e4n idag, <em>Staffan Nilsson<\/em><\/p>\n","protected":false},"excerpt":{"rendered":"<p>Bandtyp: H\u00e4ftad<br \/>\nF\u00f6rlag: BTHF<br \/>\nUpplaga: 625<br \/>\nSpr\u00e5k: Svenska<br \/>\nISBN:\u00a0978-91-637-4771-7<\/p>\n","protected":false},"featured_media":323,"template":"","meta":[],"product_brand":[],"product_cat":[19],"product_tag":[20],"class_list":{"0":"post-322","1":"product","2":"type-product","3":"status-publish","4":"has-post-thumbnail","6":"product_cat-arsskrifter","7":"product_tag-arsskrifter","9":"first","10":"instock","11":"shipping-taxable","12":"purchasable","13":"product-type-simple","14":"customify-col"},"jetpack_sharing_enabled":true,"_links":{"self":[{"href":"https:\/\/bthf.nu\/index.php\/wp-json\/wp\/v2\/product\/322","targetHints":{"allow":["GET"]}}],"collection":[{"href":"https:\/\/bthf.nu\/index.php\/wp-json\/wp\/v2\/product"}],"about":[{"href":"https:\/\/bthf.nu\/index.php\/wp-json\/wp\/v2\/types\/product"}],"version-history":[{"count":1,"href":"https:\/\/bthf.nu\/index.php\/wp-json\/wp\/v2\/product\/322\/revisions"}],"predecessor-version":[{"id":330,"href":"https:\/\/bthf.nu\/index.php\/wp-json\/wp\/v2\/product\/322\/revisions\/330"}],"wp:featuredmedia":[{"embeddable":true,"href":"https:\/\/bthf.nu\/index.php\/wp-json\/wp\/v2\/media\/323"}],"wp:attachment":[{"href":"https:\/\/bthf.nu\/index.php\/wp-json\/wp\/v2\/media?parent=322"}],"wp:term":[{"taxonomy":"product_brand","embeddable":true,"href":"https:\/\/bthf.nu\/index.php\/wp-json\/wp\/v2\/product_brand?post=322"},{"taxonomy":"product_cat","embeddable":true,"href":"https:\/\/bthf.nu\/index.php\/wp-json\/wp\/v2\/product_cat?post=322"},{"taxonomy":"product_tag","embeddable":true,"href":"https:\/\/bthf.nu\/index.php\/wp-json\/wp\/v2\/product_tag?post=322"}],"curies":[{"name":"wp","href":"https:\/\/api.w.org\/{rel}","templated":true}]}}