{"id":312,"date":"2020-05-03T09:13:24","date_gmt":"2020-05-03T09:13:24","guid":{"rendered":"https:\/\/bthf.nu\/?post_type=product&#038;p=312"},"modified":"2026-01-13T09:29:36","modified_gmt":"2026-01-13T09:29:36","slug":"arsskrift-2011","status":"publish","type":"product","link":"https:\/\/bthf.nu\/index.php\/product\/arsskrift-2011\/","title":{"rendered":"\u00c5rsskrift 2011"},"content":{"rendered":"<p><strong>Inneh\u00e5ll<\/strong><br \/>\nTill minne av Ernst Olsson och Carl-Erik Henriksson, Hans Wilson<br \/>\nLennart Olssons Konditori, Sven Lundgren<br \/>\nSockenbeskrivning \u00f6ver H\u00e4sslunda och Risekatsl\u00f6sa 1828, Carl Lindeblad<br \/>\nHan var med om att bli s\u00e5ld p\u00e5 auktion, Leif \u00c5ke Bengtsson<br \/>\nBJUV \u2013 landsbygdssocknen som blev gruvsamh\u00e4lle, Hans Wilson<br \/>\nGruvornas gr\u00e5a och svarta guld, Olle Lundgren<br \/>\nTr\u00e4skoorkestern Enighet &#8211; Gunnarstorps eget brassband<br \/>\nSp\u00f6ksonat<br \/>\nSkromberga Kooperativa Tr\u00e4toffelfabrik, Kristel Viberg<br \/>\nBjuvs f\u00f6rsta fasta skola och dess f\u00f6rste l\u00e4rare, Hans Wilson<br \/>\nKyrkoherdar i Norra Vrams pr\u00e4stg\u00e5rd, Hans Wilson, Hans Alsholm<br \/>\nMor Truls och Posthuset Liljehus i Olstorp, Hans Wilson<br \/>\nAllt ljus p\u00e5 det sk\u00e5nska gruvb\u00e4ltet &#8211; en kulturell sm\u00e4ltdegel, Helene Stalin \u00c5kesson<br \/>\nEn fotbollslegendar ber\u00e4ttar, Hans Wilson<br \/>\nF\u00f6reningen Kronans Konsumtionsf\u00f6rening 20 \u00e5r 1915<br \/>\nEn samlare av stora m\u00e5tt Sten Sundstr\u00f6m<\/p>\n","protected":false},"excerpt":{"rendered":"<p>Bandtyp: H\u00e4ftad<br \/>\nF\u00f6rlag: BTHF<br \/>\nUpplaga: 700<br \/>\nSpr\u00e5k: Svenska<br \/>\nISBN: 978-91-637-0290-7<\/p>\n","protected":false},"featured_media":313,"template":"","meta":[],"product_brand":[],"product_cat":[19],"product_tag":[20],"class_list":{"0":"post-312","1":"product","2":"type-product","3":"status-publish","4":"has-post-thumbnail","6":"product_cat-arsskrifter","7":"product_tag-arsskrifter","9":"first","10":"instock","11":"shipping-taxable","12":"purchasable","13":"product-type-simple","14":"customify-col"},"jetpack_sharing_enabled":true,"_links":{"self":[{"href":"https:\/\/bthf.nu\/index.php\/wp-json\/wp\/v2\/product\/312","targetHints":{"allow":["GET"]}}],"collection":[{"href":"https:\/\/bthf.nu\/index.php\/wp-json\/wp\/v2\/product"}],"about":[{"href":"https:\/\/bthf.nu\/index.php\/wp-json\/wp\/v2\/types\/product"}],"version-history":[{"count":1,"href":"https:\/\/bthf.nu\/index.php\/wp-json\/wp\/v2\/product\/312\/revisions"}],"predecessor-version":[{"id":314,"href":"https:\/\/bthf.nu\/index.php\/wp-json\/wp\/v2\/product\/312\/revisions\/314"}],"wp:featuredmedia":[{"embeddable":true,"href":"https:\/\/bthf.nu\/index.php\/wp-json\/wp\/v2\/media\/313"}],"wp:attachment":[{"href":"https:\/\/bthf.nu\/index.php\/wp-json\/wp\/v2\/media?parent=312"}],"wp:term":[{"taxonomy":"product_brand","embeddable":true,"href":"https:\/\/bthf.nu\/index.php\/wp-json\/wp\/v2\/product_brand?post=312"},{"taxonomy":"product_cat","embeddable":true,"href":"https:\/\/bthf.nu\/index.php\/wp-json\/wp\/v2\/product_cat?post=312"},{"taxonomy":"product_tag","embeddable":true,"href":"https:\/\/bthf.nu\/index.php\/wp-json\/wp\/v2\/product_tag?post=312"}],"curies":[{"name":"wp","href":"https:\/\/api.w.org\/{rel}","templated":true}]}}