{"id":308,"date":"2020-05-03T09:05:48","date_gmt":"2020-05-03T09:05:48","guid":{"rendered":"https:\/\/bthf.nu\/?post_type=product&#038;p=308"},"modified":"2026-01-13T09:22:06","modified_gmt":"2026-01-13T09:22:06","slug":"arsskrift-2009","status":"publish","type":"product","link":"https:\/\/bthf.nu\/index.php\/product\/arsskrift-2009\/","title":{"rendered":"\u00c5rsskrift 2009"},"content":{"rendered":"<p><strong>Inneh\u00e5ll<\/strong><br \/>\nTill minne av Wivie Green<br \/>\nAllt skulle tas tillvara, Barbro Henriksson<br \/>\nBarnutv\u00e4xling 1933-1939, Anna Magnusson<br \/>\nD\u00e5 jorden gav och tog, Valter Sj\u00f6lin\/Hans Alsholm<br \/>\nFj\u00e4rdingsmannen, Pehr Johnsson<br \/>\nEn gruvarbetarfamiljs liv vid M\u00f6lledammen del 2, Lisbeth Persson<br \/>\nOperation Is, Hans Alsholm m fl<br \/>\nG\u00e5rdarna i Ekeby under fyra \u00e5rhundraden, Arthur Sarman<br \/>\nBillesholmsortens R\u00f6dakorsk\u00e5r 1944-2009, Elsie Henriksson<br \/>\nS\u00f6dra Luggude R\u00f6dakorskrets 1928-2009, Ingrid J\u00f6nsson<br \/>\nBjuvs R\u00f6dakorskrets 2009-, Ralph Wingren<\/p>\n","protected":false},"excerpt":{"rendered":"<p>Bandtyp: H\u00e4ftad<br \/>\nF\u00f6rlag: BTHF<br \/>\nUpplaga: 800<br \/>\nSpr\u00e5k: Svenska<br \/>\nISBN:<\/p>\n","protected":false},"featured_media":301,"template":"","meta":[],"product_brand":[],"product_cat":[19],"product_tag":[20],"class_list":{"0":"post-308","1":"product","2":"type-product","3":"status-publish","4":"has-post-thumbnail","6":"product_cat-arsskrifter","7":"product_tag-arsskrifter","9":"first","10":"instock","11":"shipping-taxable","12":"purchasable","13":"product-type-simple","14":"customify-col"},"jetpack_sharing_enabled":true,"_links":{"self":[{"href":"https:\/\/bthf.nu\/index.php\/wp-json\/wp\/v2\/product\/308","targetHints":{"allow":["GET"]}}],"collection":[{"href":"https:\/\/bthf.nu\/index.php\/wp-json\/wp\/v2\/product"}],"about":[{"href":"https:\/\/bthf.nu\/index.php\/wp-json\/wp\/v2\/types\/product"}],"version-history":[{"count":1,"href":"https:\/\/bthf.nu\/index.php\/wp-json\/wp\/v2\/product\/308\/revisions"}],"predecessor-version":[{"id":309,"href":"https:\/\/bthf.nu\/index.php\/wp-json\/wp\/v2\/product\/308\/revisions\/309"}],"wp:featuredmedia":[{"embeddable":true,"href":"https:\/\/bthf.nu\/index.php\/wp-json\/wp\/v2\/media\/301"}],"wp:attachment":[{"href":"https:\/\/bthf.nu\/index.php\/wp-json\/wp\/v2\/media?parent=308"}],"wp:term":[{"taxonomy":"product_brand","embeddable":true,"href":"https:\/\/bthf.nu\/index.php\/wp-json\/wp\/v2\/product_brand?post=308"},{"taxonomy":"product_cat","embeddable":true,"href":"https:\/\/bthf.nu\/index.php\/wp-json\/wp\/v2\/product_cat?post=308"},{"taxonomy":"product_tag","embeddable":true,"href":"https:\/\/bthf.nu\/index.php\/wp-json\/wp\/v2\/product_tag?post=308"}],"curies":[{"name":"wp","href":"https:\/\/api.w.org\/{rel}","templated":true}]}}