{"id":306,"date":"2020-05-03T09:01:47","date_gmt":"2020-05-03T09:01:47","guid":{"rendered":"https:\/\/bthf.nu\/?post_type=product&#038;p=306"},"modified":"2026-01-13T09:21:29","modified_gmt":"2026-01-13T09:21:29","slug":"arsskrift-2008","status":"publish","type":"product","link":"https:\/\/bthf.nu\/index.php\/product\/arsskrift-2008\/","title":{"rendered":"\u00c5rsskrift 2008"},"content":{"rendered":"<p><strong>Inneh\u00e5ll<\/strong><br \/>\nTill minne av John Johansson, Hans Wilson<br \/>\nF\u00f6reningen Vrams- \u00c5varps Hembygdsg\u00e5rd<br \/>\nBillesholmsp\u00e5gen som blev hela Sveriges Biggles \u2013 Del 2, Hans Wilson<br \/>\nN\u00e4r jag tolkade f\u00f6r Aleksej Kosygin vid hans bes\u00f6k p\u00e5 Findus, Ija Alsholm<br \/>\nEmigrationens m\u00e5nga ansikten, Ann-Margret Wendt<br \/>\nF\u00f6reningen Gamla Bjuf 25 \u00e5r, Ronny Persson<br \/>\nEn gruvarbetarfamiljs liv vid M\u00f6lledammen, Risekatsl\u00f6sa socken, Lisbet Persson<br \/>\nEn \u00e4ventyrlig pr\u00e4st i Risekatsl\u00f6sa, Ernst Olsson<br \/>\nV\u00e4nd trenden i Skromberga och anv\u00e4nd kulturmilj\u00f6ns m\u00f6jligheter<\/p>\n","protected":false},"excerpt":{"rendered":"<p>Bandtyp: H\u00e4ftad<br \/>\nF\u00f6rlag: BTHF<br \/>\nUpplaga: 800<br \/>\nSpr\u00e5k: Svenska<br \/>\nISBN:<\/p>\n","protected":false},"featured_media":300,"template":"","meta":[],"product_brand":[],"product_cat":[19],"product_tag":[20],"class_list":{"0":"post-306","1":"product","2":"type-product","3":"status-publish","4":"has-post-thumbnail","6":"product_cat-arsskrifter","7":"product_tag-arsskrifter","9":"first","10":"instock","11":"shipping-taxable","12":"purchasable","13":"product-type-simple","14":"customify-col"},"jetpack_sharing_enabled":true,"_links":{"self":[{"href":"https:\/\/bthf.nu\/index.php\/wp-json\/wp\/v2\/product\/306","targetHints":{"allow":["GET"]}}],"collection":[{"href":"https:\/\/bthf.nu\/index.php\/wp-json\/wp\/v2\/product"}],"about":[{"href":"https:\/\/bthf.nu\/index.php\/wp-json\/wp\/v2\/types\/product"}],"version-history":[{"count":1,"href":"https:\/\/bthf.nu\/index.php\/wp-json\/wp\/v2\/product\/306\/revisions"}],"predecessor-version":[{"id":307,"href":"https:\/\/bthf.nu\/index.php\/wp-json\/wp\/v2\/product\/306\/revisions\/307"}],"wp:featuredmedia":[{"embeddable":true,"href":"https:\/\/bthf.nu\/index.php\/wp-json\/wp\/v2\/media\/300"}],"wp:attachment":[{"href":"https:\/\/bthf.nu\/index.php\/wp-json\/wp\/v2\/media?parent=306"}],"wp:term":[{"taxonomy":"product_brand","embeddable":true,"href":"https:\/\/bthf.nu\/index.php\/wp-json\/wp\/v2\/product_brand?post=306"},{"taxonomy":"product_cat","embeddable":true,"href":"https:\/\/bthf.nu\/index.php\/wp-json\/wp\/v2\/product_cat?post=306"},{"taxonomy":"product_tag","embeddable":true,"href":"https:\/\/bthf.nu\/index.php\/wp-json\/wp\/v2\/product_tag?post=306"}],"curies":[{"name":"wp","href":"https:\/\/api.w.org\/{rel}","templated":true}]}}