{"id":304,"date":"2020-05-03T08:50:41","date_gmt":"2020-05-03T08:50:41","guid":{"rendered":"https:\/\/bthf.nu\/?post_type=product&#038;p=304"},"modified":"2026-01-13T09:21:03","modified_gmt":"2026-01-13T09:21:03","slug":"arsskrift-2007","status":"publish","type":"product","link":"https:\/\/bthf.nu\/index.php\/product\/arsskrift-2007\/","title":{"rendered":"\u00c5rsskrift 2007"},"content":{"rendered":"<p><strong>Inneh\u00e5ll<\/strong><br \/>\nBillesholmstrakten Hembygdsf\u00f6rening 80\u00e5r<br \/>\nSvenskt mode som frim\u00e4rke<br \/>\nBillesholmsp\u00e5gen som blev hela Sveriges Biggles \u2013 Del 1,av Hans Wilson<br \/>\nBes\u00f6k i Ekeby \u2013 banken, av Margareta Wall\u00e9n<br \/>\nVad\u00e5 regnade? Bjuv fick 110mm regn p\u00e5 \u201dsjusovardagen\u201d<br \/>\nLinn\u00e9s bes\u00f6k p\u00e5 Vrams Gunnarstorp<br \/>\nVild brottning i N. Vrams pr\u00e4stg\u00e5rd<br \/>\nVem var Hasse \u201dHP\u201d Persson, av Jan Jansson<br \/>\nKronofogdef\u00f6rtrycket i Sk\u00e5ne i mitten av 1800-talet, efter Henrik Sch\u00f6nbeck<br \/>\nAtt g\u00e5 frun till handa<br \/>\nV\u00e5r Hembygds jordbruk under 6000 \u00e5r, av Arthur Sarman<br \/>\nEkeby \u2013 k\u00e4rran<\/p>\n","protected":false},"excerpt":{"rendered":"<p>Bandtyp: H\u00e4ftad<br \/>\nF\u00f6rlag: BTHF<br \/>\nUpplaga: 800<br \/>\nSpr\u00e5k: Svenska<br \/>\nISBN:<\/p>\n","protected":false},"featured_media":299,"template":"","meta":[],"product_brand":[],"product_cat":[19],"product_tag":[20],"class_list":{"0":"post-304","1":"product","2":"type-product","3":"status-publish","4":"has-post-thumbnail","6":"product_cat-arsskrifter","7":"product_tag-arsskrifter","9":"first","10":"instock","11":"shipping-taxable","12":"purchasable","13":"product-type-simple","14":"customify-col"},"jetpack_sharing_enabled":true,"_links":{"self":[{"href":"https:\/\/bthf.nu\/index.php\/wp-json\/wp\/v2\/product\/304","targetHints":{"allow":["GET"]}}],"collection":[{"href":"https:\/\/bthf.nu\/index.php\/wp-json\/wp\/v2\/product"}],"about":[{"href":"https:\/\/bthf.nu\/index.php\/wp-json\/wp\/v2\/types\/product"}],"version-history":[{"count":1,"href":"https:\/\/bthf.nu\/index.php\/wp-json\/wp\/v2\/product\/304\/revisions"}],"predecessor-version":[{"id":305,"href":"https:\/\/bthf.nu\/index.php\/wp-json\/wp\/v2\/product\/304\/revisions\/305"}],"wp:featuredmedia":[{"embeddable":true,"href":"https:\/\/bthf.nu\/index.php\/wp-json\/wp\/v2\/media\/299"}],"wp:attachment":[{"href":"https:\/\/bthf.nu\/index.php\/wp-json\/wp\/v2\/media?parent=304"}],"wp:term":[{"taxonomy":"product_brand","embeddable":true,"href":"https:\/\/bthf.nu\/index.php\/wp-json\/wp\/v2\/product_brand?post=304"},{"taxonomy":"product_cat","embeddable":true,"href":"https:\/\/bthf.nu\/index.php\/wp-json\/wp\/v2\/product_cat?post=304"},{"taxonomy":"product_tag","embeddable":true,"href":"https:\/\/bthf.nu\/index.php\/wp-json\/wp\/v2\/product_tag?post=304"}],"curies":[{"name":"wp","href":"https:\/\/api.w.org\/{rel}","templated":true}]}}