{"id":297,"date":"2020-05-03T08:38:03","date_gmt":"2020-05-03T08:38:03","guid":{"rendered":"https:\/\/bthf.nu\/?post_type=product&#038;p=297"},"modified":"2026-01-13T09:20:34","modified_gmt":"2026-01-13T09:20:34","slug":"arsskrift-2006","status":"publish","type":"product","link":"https:\/\/bthf.nu\/index.php\/product\/arsskrift-2006\/","title":{"rendered":"\u00c5rsskrift 2006"},"content":{"rendered":"<p><strong>Inneh\u00e5ll<\/strong><br \/>\nKooperationen i Billesholm 1889-1939, Walter Sj\u00f6lin<br \/>\nAnton Henry Dahl, av Birgitta E. J\u00f6nsson &amp; Rolf Olsson<br \/>\nFarbror Oscar i Kanada, av Agneta Rostarius<br \/>\nJ\u00e4rnv\u00e4gen 150 \u00e5r, av Anna Magnusson &amp; Ann-Margret Wendt<br \/>\nD\u00e5 Gunnarstorp fick j\u00e4rnv\u00e4gsstation, av Ernst Olsson<br \/>\nP\u00e5 Hemmet<br \/>\nArbetarsonen fr\u00e5n Billesholm som blev \u201dDjupfrysta J\u00f6nsson\u201d, av Hans Alsholm<br \/>\nFriluftsfr\u00e4mjandet S\u00f6der\u00e5sen, av Jan-Peter Eriksson<br \/>\nMajblomman 100 \u00e5r, av Maj-Britt J\u00f6nsson<br \/>\nEtt brev fr\u00e5n kolonien<br \/>\nMinnen fr\u00e5n kolonien, av Ann-Marie (Persson) Sandberg<br \/>\nOrkan tog bort tak p\u00e5 bio i Billesholm<br \/>\nArne Nykvist och Folkets Park, av Hasse \u201dHP\u201d Persson<br \/>\nBr\u00f6dets historia, av Staffan Nilsson<br \/>\nBagarstugan i N.Vrams Pr\u00e4stg\u00e5rda, av Ella Andersson<br \/>\nSkromberga Socialdemokratiska Kvinnoklubb 100 \u00e5r, av Staffan Nilsson<\/p>\n","protected":false},"excerpt":{"rendered":"<p>Bandtyp: H\u00e4ftad<br \/>\nF\u00f6rlag: BTHF<br \/>\nUpplaga: 850<br \/>\nSpr\u00e5k: Svenska<br \/>\nISBN:<\/p>\n","protected":false},"featured_media":298,"template":"","meta":[],"product_brand":[],"product_cat":[19],"product_tag":[20],"class_list":{"0":"post-297","1":"product","2":"type-product","3":"status-publish","4":"has-post-thumbnail","6":"product_cat-arsskrifter","7":"product_tag-arsskrifter","9":"first","10":"instock","11":"shipping-taxable","12":"purchasable","13":"product-type-simple","14":"customify-col"},"jetpack_sharing_enabled":true,"_links":{"self":[{"href":"https:\/\/bthf.nu\/index.php\/wp-json\/wp\/v2\/product\/297","targetHints":{"allow":["GET"]}}],"collection":[{"href":"https:\/\/bthf.nu\/index.php\/wp-json\/wp\/v2\/product"}],"about":[{"href":"https:\/\/bthf.nu\/index.php\/wp-json\/wp\/v2\/types\/product"}],"version-history":[{"count":1,"href":"https:\/\/bthf.nu\/index.php\/wp-json\/wp\/v2\/product\/297\/revisions"}],"predecessor-version":[{"id":303,"href":"https:\/\/bthf.nu\/index.php\/wp-json\/wp\/v2\/product\/297\/revisions\/303"}],"wp:featuredmedia":[{"embeddable":true,"href":"https:\/\/bthf.nu\/index.php\/wp-json\/wp\/v2\/media\/298"}],"wp:attachment":[{"href":"https:\/\/bthf.nu\/index.php\/wp-json\/wp\/v2\/media?parent=297"}],"wp:term":[{"taxonomy":"product_brand","embeddable":true,"href":"https:\/\/bthf.nu\/index.php\/wp-json\/wp\/v2\/product_brand?post=297"},{"taxonomy":"product_cat","embeddable":true,"href":"https:\/\/bthf.nu\/index.php\/wp-json\/wp\/v2\/product_cat?post=297"},{"taxonomy":"product_tag","embeddable":true,"href":"https:\/\/bthf.nu\/index.php\/wp-json\/wp\/v2\/product_tag?post=297"}],"curies":[{"name":"wp","href":"https:\/\/api.w.org\/{rel}","templated":true}]}}