{"id":290,"date":"2020-05-03T08:12:41","date_gmt":"2020-05-03T08:12:41","guid":{"rendered":"https:\/\/bthf.nu\/?post_type=product&#038;p=290"},"modified":"2026-01-13T09:19:32","modified_gmt":"2026-01-13T09:19:32","slug":"arsskrift-2004","status":"publish","type":"product","link":"https:\/\/bthf.nu\/index.php\/product\/arsskrift-2004\/","title":{"rendered":"\u00c5rsskrift 2004"},"content":{"rendered":"<p><strong>Inneh\u00e5ll<\/strong><br \/>\nSpetsbergarna, Hasse \u201dHP\u201d Persson<br \/>\nTema: Bjuv<br \/>\nFindus \u2013 de f\u00f6rsta fyrtio \u00e5ren, Tor Johanson<br \/>\nFindus historia, Sonny Olsson<br \/>\nVi bor mitt i v\u00e4rldens b\u00e4sta \u00e4rtdistrikt, Enar Magnusson<br \/>\nN\u00e4r kriget kom, Dan Magnusson<br \/>\nHermanssons Byggnads AB i Bjuv, Ingvar Peterson<br \/>\nGruveopkens slut, Monica Edvinsson<br \/>\nPer Larsen har aksjon, Dan Magnusson<br \/>\nN\u00e5gra beredskapsminnen fr\u00e5n andra v\u00e4rldskriget, John Johansson<br \/>\nTv\u00e5 k\u00e4ndisar fr\u00e5n Ekeby, Ann-Margret Wendt<br \/>\nS\u00e5 s\u00e5g det ut i Valleberga h\u00e5la, Lennart Emnell<br \/>\nDen gamle boen, Dan Magnusson<br \/>\nGustaf Henrik Mellin, Hans Wilson<\/p>\n","protected":false},"excerpt":{"rendered":"<p>Bandtyp: H\u00e4ftad<br \/>\nF\u00f6rlag: BTHF<br \/>\nUpplaga: 850<br \/>\nSpr\u00e5k: Svenska<br \/>\nISBN:<\/p>\n","protected":false},"featured_media":291,"template":"","meta":[],"product_brand":[],"product_cat":[19],"product_tag":[20],"class_list":{"0":"post-290","1":"product","2":"type-product","3":"status-publish","4":"has-post-thumbnail","6":"product_cat-arsskrifter","7":"product_tag-arsskrifter","9":"first","10":"instock","11":"shipping-taxable","12":"purchasable","13":"product-type-simple","14":"customify-col"},"jetpack_sharing_enabled":true,"_links":{"self":[{"href":"https:\/\/bthf.nu\/index.php\/wp-json\/wp\/v2\/product\/290","targetHints":{"allow":["GET"]}}],"collection":[{"href":"https:\/\/bthf.nu\/index.php\/wp-json\/wp\/v2\/product"}],"about":[{"href":"https:\/\/bthf.nu\/index.php\/wp-json\/wp\/v2\/types\/product"}],"version-history":[{"count":1,"href":"https:\/\/bthf.nu\/index.php\/wp-json\/wp\/v2\/product\/290\/revisions"}],"predecessor-version":[{"id":292,"href":"https:\/\/bthf.nu\/index.php\/wp-json\/wp\/v2\/product\/290\/revisions\/292"}],"wp:featuredmedia":[{"embeddable":true,"href":"https:\/\/bthf.nu\/index.php\/wp-json\/wp\/v2\/media\/291"}],"wp:attachment":[{"href":"https:\/\/bthf.nu\/index.php\/wp-json\/wp\/v2\/media?parent=290"}],"wp:term":[{"taxonomy":"product_brand","embeddable":true,"href":"https:\/\/bthf.nu\/index.php\/wp-json\/wp\/v2\/product_brand?post=290"},{"taxonomy":"product_cat","embeddable":true,"href":"https:\/\/bthf.nu\/index.php\/wp-json\/wp\/v2\/product_cat?post=290"},{"taxonomy":"product_tag","embeddable":true,"href":"https:\/\/bthf.nu\/index.php\/wp-json\/wp\/v2\/product_tag?post=290"}],"curies":[{"name":"wp","href":"https:\/\/api.w.org\/{rel}","templated":true}]}}