{"id":287,"date":"2020-05-03T07:46:51","date_gmt":"2020-05-03T07:46:51","guid":{"rendered":"https:\/\/bthf.nu\/?post_type=product&#038;p=287"},"modified":"2026-04-26T15:52:08","modified_gmt":"2026-04-26T15:52:08","slug":"arsskrift-2003","status":"publish","type":"product","link":"https:\/\/bthf.nu\/index.php\/product\/arsskrift-2003\/","title":{"rendered":"\u00c5rsskrift 2003"},"content":{"rendered":"<p><strong>Inneh\u00e5ll<\/strong><br \/>\nIdoff \u201dBresky\u201d Lindholm, Hasse \u201dHP\u201d Persson<br \/>\nTema: Ekeby och Skrombergaverken<br \/>\nEkeby f\u00f6r 250 \u00e5r sedan, Arthur Sarman<br \/>\nN\u00e5r de pev te midda, Dan Magnusson<br \/>\nEkeby Socken, Ann Margret Wendt<br \/>\nInvandring och export, Ann Margret Wendt<br \/>\nSyrafast, Ann Margret Wendt<br \/>\nTunnelbanor, Ann Margret Wendt<br \/>\nLite fakta om Sydneyoperan, A Margret Wendt<br \/>\nFr\u00e5n Skromberga till Sydney, A Margret Wendt<br \/>\nFram till 1985, Ann Margret Wendt<br \/>\nMot nya tider, Ann Margret Wendt<br \/>\nViktiga \u00e5rtal, Ann Margret Wendt<br \/>\nK\u00e4llor, Ann Margret Wendt<br \/>\nDet kom ett brev, Gunvor Wallin<br \/>\nBrottarklubben i Skromberga, ur \u201dBr\u00e4nnpunkten\u201d<br \/>\nMin tid som avl\u00f6ningskontorist, Gerd Nilsson<br \/>\nPlattromantik, Evald Johansson<br \/>\nCC H\u00f6gan\u00e4s p\u00e5 v\u00e4g, Mats \u00c5hman<br \/>\nGustaf Henrik Mellin, Hans Wilson<br \/>\nP\u00e5l Tr\u00e4sko, Dan Magnusson<br \/>\nBebyggelsens ursprung och karakt\u00e4r, D Weber<br \/>\nBillesholms Grufva, Tor Johansson<br \/>\nMinitema: Bjuvs kyrka<br \/>\nAltaruppsatsen i Bjuvs kyrka, ur \u201dBr\u00e4nnpunkten\u201d<br \/>\nEtt annorlunda r\u00f6r, Lars H\u00e5kansson<\/p>\n","protected":false},"excerpt":{"rendered":"<p>Bandtyp: H\u00e4ftad<br \/>\nF\u00f6rlag: BTHF<br \/>\nUpplaga: 850<br \/>\nSpr\u00e5k: Svenska<br \/>\nISBN:<\/p>\n","protected":false},"featured_media":288,"template":"","meta":[],"product_brand":[],"product_cat":[19],"product_tag":[20],"class_list":{"0":"post-287","1":"product","2":"type-product","3":"status-publish","4":"has-post-thumbnail","6":"product_cat-arsskrifter","7":"product_tag-arsskrifter","9":"first","10":"instock","11":"shipping-taxable","12":"purchasable","13":"product-type-simple","14":"customify-col"},"jetpack_sharing_enabled":true,"_links":{"self":[{"href":"https:\/\/bthf.nu\/index.php\/wp-json\/wp\/v2\/product\/287","targetHints":{"allow":["GET"]}}],"collection":[{"href":"https:\/\/bthf.nu\/index.php\/wp-json\/wp\/v2\/product"}],"about":[{"href":"https:\/\/bthf.nu\/index.php\/wp-json\/wp\/v2\/types\/product"}],"version-history":[{"count":1,"href":"https:\/\/bthf.nu\/index.php\/wp-json\/wp\/v2\/product\/287\/revisions"}],"predecessor-version":[{"id":289,"href":"https:\/\/bthf.nu\/index.php\/wp-json\/wp\/v2\/product\/287\/revisions\/289"}],"wp:featuredmedia":[{"embeddable":true,"href":"https:\/\/bthf.nu\/index.php\/wp-json\/wp\/v2\/media\/288"}],"wp:attachment":[{"href":"https:\/\/bthf.nu\/index.php\/wp-json\/wp\/v2\/media?parent=287"}],"wp:term":[{"taxonomy":"product_brand","embeddable":true,"href":"https:\/\/bthf.nu\/index.php\/wp-json\/wp\/v2\/product_brand?post=287"},{"taxonomy":"product_cat","embeddable":true,"href":"https:\/\/bthf.nu\/index.php\/wp-json\/wp\/v2\/product_cat?post=287"},{"taxonomy":"product_tag","embeddable":true,"href":"https:\/\/bthf.nu\/index.php\/wp-json\/wp\/v2\/product_tag?post=287"}],"curies":[{"name":"wp","href":"https:\/\/api.w.org\/{rel}","templated":true}]}}