{"id":282,"date":"2020-05-03T07:33:25","date_gmt":"2020-05-03T07:33:25","guid":{"rendered":"https:\/\/bthf.nu\/?post_type=product&#038;p=282"},"modified":"2026-01-13T09:17:56","modified_gmt":"2026-01-13T09:17:56","slug":"arsskrift-2002","status":"publish","type":"product","link":"https:\/\/bthf.nu\/index.php\/product\/arsskrift-2002\/","title":{"rendered":"\u00c5rsskrift 2002"},"content":{"rendered":"<p><strong>Inneh\u00e5ll<\/strong><br \/>\nTema: Glasullen<br \/>\nDe f\u00f6rsta 50 \u00e5ren, Sune Karlsson<br \/>\n\u00c5r femtioett och sedan, L-G Lundh, G\u00f6ran Nilsson, Gr Sj\u00f6berg och Sune Karlsson<br \/>\nMinnesbilder fr\u00e5n mina 45 \u00e5r vid f\u00f6retaget, Gunnar Sj\u00f6berg<br \/>\nMina tre f\u00f6rsta \u00e5r i Ekeby, Annika Linderfalk<br \/>\nGrammofons\u00e5ngaren Erik K\u00e4llquist, N Franss\u00e9n<br \/>\nEkeby Badhus i f\u00f6rvandling, Maj-Britt J\u00f6nsson<br \/>\nEn retur, Hasse \u201dHP\u201d Persson<br \/>\nN\u00e4r Mari ble kristnad, Dan Magnusson<br \/>\nHembygd i utveckling<br \/>\nBjuvs kommun i ett framtidsperspektiv,S Sval\u00f6<br \/>\nBjuvs kommun \u2013 en f\u00f6retagsam del av Sk\u00e5ne, Anders Lindner<br \/>\nUtbildning i framtiden, Claes Jarlvi<br \/>\nDen gamla skolan<br \/>\nI Jens Billes fotsp\u00e5r, Hans Wilson<br \/>\nMinne fr\u00e5n Folkets hus, Anna Johansson<\/p>\n","protected":false},"excerpt":{"rendered":"<p>Bandtyp: Limbunden<br \/>\nF\u00f6rlag: BTHF<br \/>\nUpplaga: 850<br \/>\nSpr\u00e5k: Svenska<br \/>\nISBN:<\/p>\n","protected":false},"featured_media":279,"template":"","meta":[],"product_brand":[],"product_cat":[19],"product_tag":[20],"class_list":{"0":"post-282","1":"product","2":"type-product","3":"status-publish","4":"has-post-thumbnail","6":"product_cat-arsskrifter","7":"product_tag-arsskrifter","9":"first","10":"instock","11":"shipping-taxable","12":"purchasable","13":"product-type-simple","14":"customify-col"},"jetpack_sharing_enabled":true,"_links":{"self":[{"href":"https:\/\/bthf.nu\/index.php\/wp-json\/wp\/v2\/product\/282","targetHints":{"allow":["GET"]}}],"collection":[{"href":"https:\/\/bthf.nu\/index.php\/wp-json\/wp\/v2\/product"}],"about":[{"href":"https:\/\/bthf.nu\/index.php\/wp-json\/wp\/v2\/types\/product"}],"version-history":[{"count":3,"href":"https:\/\/bthf.nu\/index.php\/wp-json\/wp\/v2\/product\/282\/revisions"}],"predecessor-version":[{"id":1694,"href":"https:\/\/bthf.nu\/index.php\/wp-json\/wp\/v2\/product\/282\/revisions\/1694"}],"wp:featuredmedia":[{"embeddable":true,"href":"https:\/\/bthf.nu\/index.php\/wp-json\/wp\/v2\/media\/279"}],"wp:attachment":[{"href":"https:\/\/bthf.nu\/index.php\/wp-json\/wp\/v2\/media?parent=282"}],"wp:term":[{"taxonomy":"product_brand","embeddable":true,"href":"https:\/\/bthf.nu\/index.php\/wp-json\/wp\/v2\/product_brand?post=282"},{"taxonomy":"product_cat","embeddable":true,"href":"https:\/\/bthf.nu\/index.php\/wp-json\/wp\/v2\/product_cat?post=282"},{"taxonomy":"product_tag","embeddable":true,"href":"https:\/\/bthf.nu\/index.php\/wp-json\/wp\/v2\/product_tag?post=282"}],"curies":[{"name":"wp","href":"https:\/\/api.w.org\/{rel}","templated":true}]}}