{"id":1862,"date":"2025-05-06T09:17:09","date_gmt":"2025-05-06T09:17:09","guid":{"rendered":"https:\/\/bthf.nu\/?post_type=product&#038;p=1862"},"modified":"2026-01-13T07:47:28","modified_gmt":"2026-01-13T07:47:28","slug":"arsskrift-2024","status":"publish","type":"product","link":"https:\/\/bthf.nu\/index.php\/product\/arsskrift-2024\/","title":{"rendered":"\u00c5rsskrift 2024"},"content":{"rendered":"<p><strong>Inneh\u00e5ll<\/strong><br \/>\nVad som h\u00e4nde i bygden April 1928<br \/>\nGunnar Caroli som dragare i Gunnarstorp \u2014 Ett ungdomsminne<br \/>\nFader ok\u00e4nd<br \/>\nDe sista storkarna i Vege\u00e5ns dalg\u00e5ng<br \/>\nDet sk\u00e5nska bondeupproret 1525 \u2013 ett 500-\u00e5rsminne<br \/>\nSalshult Janne<br \/>\nN\u00e5gra 300-\u00e5riga minnen fr\u00e5n Norra Vrams by<br \/>\nH\u00e4r vilar- arbetare och fogde sida vid sida<br \/>\nEn vandring i tiden<br \/>\nViola Johansson ber\u00e4ttar<br \/>\nTumlarem\u00f6llan \u2014 ett minne blott<\/p>\n","protected":false},"excerpt":{"rendered":"<p>Bandtyp: Limbunden<br \/>\nF\u00f6rlag: BTHF<br \/>\nUpplaga: 550<br \/>\nSpr\u00e5k: Svenska<br \/>\nISBN: 978-91-989268-1-1<\/p>\n","protected":false},"featured_media":1863,"template":"","meta":[],"product_brand":[],"product_cat":[19],"product_tag":[20],"class_list":{"0":"post-1862","1":"product","2":"type-product","3":"status-publish","4":"has-post-thumbnail","6":"product_cat-arsskrifter","7":"product_tag-arsskrifter","9":"first","10":"instock","11":"shipping-taxable","12":"purchasable","13":"product-type-simple","14":"customify-col"},"jetpack_sharing_enabled":true,"_links":{"self":[{"href":"https:\/\/bthf.nu\/index.php\/wp-json\/wp\/v2\/product\/1862","targetHints":{"allow":["GET"]}}],"collection":[{"href":"https:\/\/bthf.nu\/index.php\/wp-json\/wp\/v2\/product"}],"about":[{"href":"https:\/\/bthf.nu\/index.php\/wp-json\/wp\/v2\/types\/product"}],"version-history":[{"count":1,"href":"https:\/\/bthf.nu\/index.php\/wp-json\/wp\/v2\/product\/1862\/revisions"}],"predecessor-version":[{"id":1864,"href":"https:\/\/bthf.nu\/index.php\/wp-json\/wp\/v2\/product\/1862\/revisions\/1864"}],"wp:featuredmedia":[{"embeddable":true,"href":"https:\/\/bthf.nu\/index.php\/wp-json\/wp\/v2\/media\/1863"}],"wp:attachment":[{"href":"https:\/\/bthf.nu\/index.php\/wp-json\/wp\/v2\/media?parent=1862"}],"wp:term":[{"taxonomy":"product_brand","embeddable":true,"href":"https:\/\/bthf.nu\/index.php\/wp-json\/wp\/v2\/product_brand?post=1862"},{"taxonomy":"product_cat","embeddable":true,"href":"https:\/\/bthf.nu\/index.php\/wp-json\/wp\/v2\/product_cat?post=1862"},{"taxonomy":"product_tag","embeddable":true,"href":"https:\/\/bthf.nu\/index.php\/wp-json\/wp\/v2\/product_tag?post=1862"}],"curies":[{"name":"wp","href":"https:\/\/api.w.org\/{rel}","templated":true}]}}