{"id":1682,"date":"2024-03-28T16:25:57","date_gmt":"2024-03-28T16:25:57","guid":{"rendered":"https:\/\/bthf.nu\/?post_type=product&#038;p=1682"},"modified":"2026-01-13T07:47:57","modified_gmt":"2026-01-13T07:47:57","slug":"arsskrift-2023","status":"publish","type":"product","link":"https:\/\/bthf.nu\/index.php\/product\/arsskrift-2023\/","title":{"rendered":"\u00c5rsskrift 2023"},"content":{"rendered":"<p><strong>Inneh\u00e5ll<\/strong><br \/>\nTill minne av Gunnar Nilsson 1941-2023<br \/>\nVad som h\u00e4nde i bygden mars 1928<br \/>\nLjungsg\u00e5rd \u2013 borgen som \u00e4r g\u00f6md under \u00e4ppeltr\u00e4den, Joakim Frejd, Claes Pettersson<br \/>\nEtt brev betyder s\u00e5 mycket<br \/>\nOperahuset i Sydney 50\u00e5r<br \/>\nLite fakta om Sydneyoperan<br \/>\nFr\u00e5n Skromberga till Sydney<br \/>\nHistorien om Billesholms sista medlemmar av \u00e4tten Bille, Steen Jensen Bille<br \/>\n\u201dMina minnen fr\u00e5n Gunnarstorp\u201d<br \/>\nMinnen kring en gammal bio<\/p>\n","protected":false},"excerpt":{"rendered":"<p>Bandtyp: Limbunden<br \/>\nF\u00f6rlag: BTHF<br \/>\nUpplaga: 550<br \/>\nSpr\u00e5k: Svenska<br \/>\nISBN: 978-91-989268-0-4<\/p>\n","protected":false},"featured_media":1686,"template":"","meta":[],"product_brand":[],"product_cat":[19],"product_tag":[20],"class_list":{"0":"post-1682","1":"product","2":"type-product","3":"status-publish","4":"has-post-thumbnail","6":"product_cat-arsskrifter","7":"product_tag-arsskrifter","9":"first","10":"instock","11":"shipping-taxable","12":"purchasable","13":"product-type-simple","14":"customify-col"},"jetpack_sharing_enabled":true,"_links":{"self":[{"href":"https:\/\/bthf.nu\/index.php\/wp-json\/wp\/v2\/product\/1682","targetHints":{"allow":["GET"]}}],"collection":[{"href":"https:\/\/bthf.nu\/index.php\/wp-json\/wp\/v2\/product"}],"about":[{"href":"https:\/\/bthf.nu\/index.php\/wp-json\/wp\/v2\/types\/product"}],"version-history":[{"count":3,"href":"https:\/\/bthf.nu\/index.php\/wp-json\/wp\/v2\/product\/1682\/revisions"}],"predecessor-version":[{"id":1687,"href":"https:\/\/bthf.nu\/index.php\/wp-json\/wp\/v2\/product\/1682\/revisions\/1687"}],"wp:featuredmedia":[{"embeddable":true,"href":"https:\/\/bthf.nu\/index.php\/wp-json\/wp\/v2\/media\/1686"}],"wp:attachment":[{"href":"https:\/\/bthf.nu\/index.php\/wp-json\/wp\/v2\/media?parent=1682"}],"wp:term":[{"taxonomy":"product_brand","embeddable":true,"href":"https:\/\/bthf.nu\/index.php\/wp-json\/wp\/v2\/product_brand?post=1682"},{"taxonomy":"product_cat","embeddable":true,"href":"https:\/\/bthf.nu\/index.php\/wp-json\/wp\/v2\/product_cat?post=1682"},{"taxonomy":"product_tag","embeddable":true,"href":"https:\/\/bthf.nu\/index.php\/wp-json\/wp\/v2\/product_tag?post=1682"}],"curies":[{"name":"wp","href":"https:\/\/api.w.org\/{rel}","templated":true}]}}