{"id":1423,"date":"2022-07-06T08:28:40","date_gmt":"2022-07-06T08:28:40","guid":{"rendered":"https:\/\/bthf.nu\/?post_type=product&#038;p=1423"},"modified":"2025-12-09T10:08:54","modified_gmt":"2025-12-09T10:08:54","slug":"arsskrift-2021","status":"publish","type":"product","link":"https:\/\/bthf.nu\/index.php\/product\/arsskrift-2021\/","title":{"rendered":"\u00c5rsskrift 2021"},"content":{"rendered":"<p><strong>Inneh\u00e5ll<\/strong><br \/>\nVad \u00e4r en pod?<br \/>\nVad som h\u00e4nde i bygden januari 1928<br \/>\nFl\u00e5berg<br \/>\nN\u00e5got om Bille-\u00e4ttens ursprung<br \/>\nLandsdomaren i Sk\u00e5ne, riksr\u00e5det och fredsm\u00e4klaren Sten Basse Bille<br \/>\n\u201d Den p\u00e5gen han blir en aff\u00e4rsman\u201d<br \/>\nGr\u00f6nte m\u00f6lla och badhus<br \/>\nGr\u00f6nte var en idyll<br \/>\nKvinnliga Fotografer<br \/>\nMaglaby K\u00e4rr -En naturhistorisk betraktelse.<br \/>\n\u201dEn maae kallis Maglamae\u201d &#8211; En ber\u00e4ttelse om Maglaby k\u00e4rr p\u00e5 S\u00f6der\u00e5sen.<\/p>\n","protected":false},"excerpt":{"rendered":"<p>Bandtyp: Limbunden<br \/>\nF\u00f6rlag: BTHF<br \/>\nUpplaga: 550<br \/>\nSpr\u00e5k: Svenska<br \/>\nISBN: 978-91-982416-8-6<\/p>\n","protected":false},"featured_media":1425,"template":"","meta":[],"product_brand":[],"product_cat":[19],"product_tag":[20],"class_list":{"0":"post-1423","1":"product","2":"type-product","3":"status-publish","4":"has-post-thumbnail","6":"product_cat-arsskrifter","7":"product_tag-arsskrifter","9":"first","10":"instock","11":"shipping-taxable","12":"purchasable","13":"product-type-simple","14":"customify-col"},"jetpack_sharing_enabled":true,"_links":{"self":[{"href":"https:\/\/bthf.nu\/index.php\/wp-json\/wp\/v2\/product\/1423","targetHints":{"allow":["GET"]}}],"collection":[{"href":"https:\/\/bthf.nu\/index.php\/wp-json\/wp\/v2\/product"}],"about":[{"href":"https:\/\/bthf.nu\/index.php\/wp-json\/wp\/v2\/types\/product"}],"version-history":[{"count":3,"href":"https:\/\/bthf.nu\/index.php\/wp-json\/wp\/v2\/product\/1423\/revisions"}],"predecessor-version":[{"id":1689,"href":"https:\/\/bthf.nu\/index.php\/wp-json\/wp\/v2\/product\/1423\/revisions\/1689"}],"wp:featuredmedia":[{"embeddable":true,"href":"https:\/\/bthf.nu\/index.php\/wp-json\/wp\/v2\/media\/1425"}],"wp:attachment":[{"href":"https:\/\/bthf.nu\/index.php\/wp-json\/wp\/v2\/media?parent=1423"}],"wp:term":[{"taxonomy":"product_brand","embeddable":true,"href":"https:\/\/bthf.nu\/index.php\/wp-json\/wp\/v2\/product_brand?post=1423"},{"taxonomy":"product_cat","embeddable":true,"href":"https:\/\/bthf.nu\/index.php\/wp-json\/wp\/v2\/product_cat?post=1423"},{"taxonomy":"product_tag","embeddable":true,"href":"https:\/\/bthf.nu\/index.php\/wp-json\/wp\/v2\/product_tag?post=1423"}],"curies":[{"name":"wp","href":"https:\/\/api.w.org\/{rel}","templated":true}]}}