{"id":1329,"date":"2022-05-14T09:27:50","date_gmt":"2022-05-14T09:27:50","guid":{"rendered":"https:\/\/bthf.nu\/?post_type=product&#038;p=1329"},"modified":"2023-12-19T07:42:13","modified_gmt":"2023-12-19T07:42:13","slug":"en-nostalgisk-vandring-genom-ekeby-skromberga","status":"publish","type":"product","link":"https:\/\/bthf.nu\/index.php\/product\/en-nostalgisk-vandring-genom-ekeby-skromberga\/","title":{"rendered":"En nostalgisk vandring genom Ekeby-Skromberga"},"content":{"rendered":"<h2>Beskrivning<\/h2>\n<p><strong>Inneh\u00e5ll<\/strong><br \/>\nEkeby och Skromberga genom tiderna Av Jan-Erik Hedin<br \/>\nEn vandring genom Ekeby \u2013 Skromberga Av Jan-Erik Hedin<br \/>\nEkeby kyrka Av Sven Lundgren<br \/>\nC. A. Palms Diverseaff\u00e4r Av Sven Lundgren<br \/>\nSchakt Sj\u00f6crona Av Jan-Erik Hedin<br \/>\nFattighuset Av Birgitta Alexanderson<br \/>\nHolmkvists Kiosk Av Sven Lundgren<br \/>\nKommung\u00e5rden \/ \u201dFattigg\u00e5rden\u201d Av Birgitta Alexanderson<br \/>\n\u00c5lderdomshemmet, gamla Solhemmet Av Birgitta Alexanderson<br \/>\nArbetsf\u00f6rmedlingen i Ekeby Av Sven Lundgren<br \/>\nLiten polishistoria i Ekeby Av Sven Lundgren<br \/>\nTimmerhandlarna i Ekeby Av Sven Lundgren<br \/>\nPension\u00e4rshemmet Av Birgitta Alexanderson<br \/>\nKommunalhuset i Ekeby kommun Av Ann Margret Wendt och Mats Olsson<br \/>\nV\u00e4vning Av Inga J\u00f6nsson<br \/>\nEkeby kommuns musikskola Av Kerstin Persson<br \/>\nS\u00f6dergatan Av Kjell Johansson<br \/>\nSlaktare Ola Persson Av Mats Olsson<br \/>\nKlockemakarehuset Av Mats Olsson<br \/>\nHantverkshuset, S\u00f6dergatan Av Kerstin Persson<br \/>\n\u201cBl\u00e5hus\u201d \/ Valleberga Handelsbod Av Sven Lundgren<br \/>\nAsp\u2019s Bageri &amp; Conditori Av Sven Lundgren<br \/>\nM\u00f6lle-kavalkad<br \/>\nFr\u00e5n Granaths aff\u00e4r till brandstationen Av Per Dahl<br \/>\nGranaths aff\u00e4r Av Kerstin Persson<br \/>\nRadio-Service i Ekeby Av Sven Lundgren<br \/>\nFolktandv\u00e5rden i Ekeby Av Per Dahl<br \/>\nEkeby Bryggeri Av Per Dahl och Mats Olsson<br \/>\nKocks Bageri och Konditori Av Sven Lundgren<br \/>\nDahls Herrekipering och Begravningsbyr\u00e5 Av Per Dahl<br \/>\nK\u00f6pmansgatan &#8211; Mejerigatan Av Mats Olsson<br \/>\nHedins Bageri Av Jan-Erik Hedin<br \/>\nBlixts Bageri Av Jan-Erik Hedin<br \/>\nValleberga H\u00e5la Av Mats Olsson<br \/>\nEmnells aff\u00e4r Av Jan-Erik Hedin<br \/>\nKommun- och distriktssk\u00f6terskor Av Laila K\u00f6hler<br \/>\nFr\u00e5n brandstationen till Konsum Av Per Dahl<br \/>\nOlika verksamheter p\u00e5 Storgatan 19 Av Sven Lundgren<br \/>\nElsies kiosk Av Sven Lundgren<br \/>\nAnderssons Restaurang \/ \u201dVita H\u00e4sten\u201d Av Sven Lundgren<br \/>\nStorgatan 24 Av Kerstin Persson<br \/>\nDe pivor te midda Av Dan Magnusson<br \/>\nStorgatan 15 och 17, \u00c5keriet Av Kerstin Persson<br \/>\nCarl W. Andersson Av Sven Lundgren och Kristel Viberg<br \/>\nStorgatan 18 Av Kerstin Persson<br \/>\nEkeby Sparbanks historia 1892 &#8211; 1917 Av Sven Lundgren<br \/>\n\u00c4garhistoria om cykelaff\u00e4ren p\u00e5 Storgatan 3 Av Sven Lundgren<br \/>\nFris\u00f6rerna Perssons Salonger Av Britt-Marie S\u00f6derlund<br \/>\nStorgatan 8 B Av Kerstin Persson<br \/>\nKonsum 1899 \u2013 2001 Av Ulla Hedin<br \/>\n\u00d6sterv\u00e4rn, \u201dRynkev\u00e4rn\u201d Av Britt-Marie S\u00f6derlund<br \/>\nBr\u00f6derna Nilssons charkuteri- och diverseaff\u00e4r Av Sven-Olof Friman<br \/>\nAndelsfrysar Av Mats Olsson<br \/>\nSchakt Konsul Av Jan-Erik Hedin<br \/>\nBror Lindells tr\u00e4dg\u00e5rdsm\u00e4steri Av Mats Olsson<br \/>\nFr\u00e5n Konsums huvudaff\u00e4r till slutet av Bruksgatan Av Birgitta Alexanderson och Sven Lundgren<br \/>\nIndustrij\u00e4rnv\u00e4gen till Skrombergaverken Av Sven Lundgren<br \/>\nBrukshandeln Av Birgitta Alexanderson<br \/>\nAskebunkarna Av Sven Lundgren<br \/>\nEpidemisjukhuset Av Laila K\u00f6hler<br \/>\nOtto Blixts Diversehandel Av Kerstin och Sven-Olof Friman<br \/>\nTruedstorpsrundan Av Ulla Hedin<br \/>\nAnderssons bageri i Truedstorp Av Kristel Viberg<br \/>\nClaessons Bageri \u2013 ett st\u00e4lle med hj\u00e4rta Av Ingrid Billberg<br \/>\nToppen \u2013 ett handels- och hantverkshus i Truedstorp Av Ulla Hedin<br \/>\nTruedstorps mejeri Av Ulla Hedin<br \/>\nAB Ekeby-Tv\u00e4tten Av Mats Olsson<br \/>\nFr\u00e5n \u201dbonne\u201d till snickare Av Ulla Hedin<br \/>\nSkr\u00e4ddaren Av Ulla Hedin<br \/>\nSkromberga Folkets Hus \u2013 Flamman Av Jan-Erik Hedin<\/p>\n","protected":false},"excerpt":{"rendered":"<p>av Skromberga Akademi<\/p>\n<p>Bandtyp: Inbunden<br \/>\nF\u00f6rlag: Skromberga akademi<br \/>\nUpplaga: 3:a<br \/>\nSpr\u00e5k: Svenska<br \/>\nISBN: 978-97-983193-0-9<\/p>\n","protected":false},"featured_media":1332,"template":"","meta":[],"product_brand":[],"product_cat":[18,17],"product_tag":[],"class_list":{"0":"post-1329","1":"product","2":"type-product","3":"status-publish","4":"has-post-thumbnail","6":"product_cat-bocker","7":"product_cat-hembygdsbocker","9":"first","10":"outofstock","11":"shipping-taxable","12":"purchasable","13":"product-type-simple","14":"customify-col"},"jetpack_sharing_enabled":true,"_links":{"self":[{"href":"https:\/\/bthf.nu\/index.php\/wp-json\/wp\/v2\/product\/1329","targetHints":{"allow":["GET"]}}],"collection":[{"href":"https:\/\/bthf.nu\/index.php\/wp-json\/wp\/v2\/product"}],"about":[{"href":"https:\/\/bthf.nu\/index.php\/wp-json\/wp\/v2\/types\/product"}],"version-history":[{"count":2,"href":"https:\/\/bthf.nu\/index.php\/wp-json\/wp\/v2\/product\/1329\/revisions"}],"predecessor-version":[{"id":1331,"href":"https:\/\/bthf.nu\/index.php\/wp-json\/wp\/v2\/product\/1329\/revisions\/1331"}],"wp:featuredmedia":[{"embeddable":true,"href":"https:\/\/bthf.nu\/index.php\/wp-json\/wp\/v2\/media\/1332"}],"wp:attachment":[{"href":"https:\/\/bthf.nu\/index.php\/wp-json\/wp\/v2\/media?parent=1329"}],"wp:term":[{"taxonomy":"product_brand","embeddable":true,"href":"https:\/\/bthf.nu\/index.php\/wp-json\/wp\/v2\/product_brand?post=1329"},{"taxonomy":"product_cat","embeddable":true,"href":"https:\/\/bthf.nu\/index.php\/wp-json\/wp\/v2\/product_cat?post=1329"},{"taxonomy":"product_tag","embeddable":true,"href":"https:\/\/bthf.nu\/index.php\/wp-json\/wp\/v2\/product_tag?post=1329"}],"curies":[{"name":"wp","href":"https:\/\/api.w.org\/{rel}","templated":true}]}}