{"id":725,"date":"2021-04-11T12:40:41","date_gmt":"2021-04-11T12:40:41","guid":{"rendered":"https:\/\/bthf.nu\/?page_id=725"},"modified":"2026-03-09T09:46:11","modified_gmt":"2026-03-09T09:46:11","slug":"radio-tv","status":"publish","type":"page","link":"https:\/\/bthf.nu\/index.php\/radio-tv\/","title":{"rendered":"Radio &#038; Tv"},"content":{"rendered":"\t\t<div data-elementor-type=\"wp-page\" data-elementor-id=\"725\" class=\"elementor elementor-725\" data-elementor-post-type=\"page\">\n\t\t\t\t\t\t<section class=\"elementor-section elementor-top-section elementor-element elementor-element-1d836f0 elementor-section-boxed elementor-section-height-default elementor-section-height-default\" data-id=\"1d836f0\" data-element_type=\"section\" data-e-type=\"section\">\n\t\t\t\t\t\t<div class=\"elementor-container elementor-column-gap-default\">\n\t\t\t\t\t<div class=\"elementor-column elementor-col-50 elementor-top-column elementor-element elementor-element-65b1e6c\" data-id=\"65b1e6c\" data-element_type=\"column\" data-e-type=\"column\">\n\t\t\t<div class=\"elementor-widget-wrap elementor-element-populated\">\n\t\t\t\t\t\t<div class=\"elementor-element elementor-element-871b305 elementor-widget elementor-widget-heading\" data-id=\"871b305\" data-element_type=\"widget\" data-e-type=\"widget\" data-widget_type=\"heading.default\">\n\t\t\t\t<div class=\"elementor-widget-container\">\n\t\t\t\t\t<h3 class=\"elementor-heading-title elementor-size-default\"><a href=\"https:\/\/sverigesradio.se\/artikel\/7193590#\">H\u00f6r hela reportagen om Sk\u00e5nes gruvor och datorspel<\/a><\/h3>\t\t\t\t<\/div>\n\t\t\t\t<\/div>\n\t\t\t\t<div class=\"elementor-element elementor-element-bb1cec6 elementor-widget elementor-widget-text-editor\" data-id=\"bb1cec6\" data-element_type=\"widget\" data-e-type=\"widget\" data-widget_type=\"text-editor.default\">\n\t\t\t\t<div class=\"elementor-widget-container\">\n\t\t\t\t\t\t\t\t\t<header class=\"article-details__header\"><div class=\"article-details__header-primary\"><div class=\"article-details__preamble\"><div class=\"publication-preamble text-editor-content\"><p><a href=\"https:\/\/sverigesradio.se\/artikel\/7193590#\">Gruvn\u00e4tet i nordv\u00e4stra Sk\u00e5ne \u00e4r ett bortgl\u00f6mt kulturarv, nu vill regionmuseet i Kristianstad l\u00e5ta folk \u00e5teruppt\u00e4cka det, genom ett datorspel.<\/a><\/p><\/div><\/div><\/div><\/header>\t\t\t\t\t\t\t\t<\/div>\n\t\t\t\t<\/div>\n\t\t\t\t\t<\/div>\n\t\t<\/div>\n\t\t\t\t<div class=\"elementor-column elementor-col-50 elementor-top-column elementor-element elementor-element-e96bc92\" data-id=\"e96bc92\" data-element_type=\"column\" data-e-type=\"column\">\n\t\t\t<div class=\"elementor-widget-wrap elementor-element-populated\">\n\t\t\t\t\t\t<div class=\"elementor-element elementor-element-be9ed61 elementor-widget elementor-widget-image\" data-id=\"be9ed61\" data-element_type=\"widget\" data-e-type=\"widget\" data-widget_type=\"image.default\">\n\t\t\t\t<div class=\"elementor-widget-container\">\n\t\t\t\t\t\t\t\t\t\t\t\t\t\t\t\t<a href=\"https:\/\/sverigesradio.se\/artikel\/7193590#\">\n\t\t\t\t\t\t\t<img fetchpriority=\"high\" decoding=\"async\" width=\"300\" height=\"169\" src=\"https:\/\/i0.wp.com\/bthf.nu\/wp-content\/uploads\/2021\/04\/P4-kristianstad.webp?fit=300%2C169&amp;ssl=1\" class=\"attachment-medium size-medium wp-image-733\" alt=\"\" srcset=\"https:\/\/i0.wp.com\/bthf.nu\/wp-content\/uploads\/2021\/04\/P4-kristianstad.webp?w=1024&amp;ssl=1 1024w, https:\/\/i0.wp.com\/bthf.nu\/wp-content\/uploads\/2021\/04\/P4-kristianstad.webp?resize=300%2C169&amp;ssl=1 300w, https:\/\/i0.wp.com\/bthf.nu\/wp-content\/uploads\/2021\/04\/P4-kristianstad.webp?resize=1000%2C563&amp;ssl=1 1000w, https:\/\/i0.wp.com\/bthf.nu\/wp-content\/uploads\/2021\/04\/P4-kristianstad.webp?resize=768%2C432&amp;ssl=1 768w, https:\/\/i0.wp.com\/bthf.nu\/wp-content\/uploads\/2021\/04\/P4-kristianstad.webp?resize=800%2C450&amp;ssl=1 800w\" sizes=\"(max-width: 300px) 100vw, 300px\" \/>\t\t\t\t\t\t\t\t<\/a>\n\t\t\t\t\t\t\t\t\t\t\t\t\t\t\t<\/div>\n\t\t\t\t<\/div>\n\t\t\t\t\t<\/div>\n\t\t<\/div>\n\t\t\t\t\t<\/div>\n\t\t<\/section>\n\t\t\t\t<section class=\"elementor-section elementor-top-section elementor-element elementor-element-2fec3ef elementor-section-boxed elementor-section-height-default elementor-section-height-default\" data-id=\"2fec3ef\" data-element_type=\"section\" data-e-type=\"section\">\n\t\t\t\t\t\t<div class=\"elementor-container elementor-column-gap-default\">\n\t\t\t\t\t<div class=\"elementor-column elementor-col-50 elementor-top-column elementor-element elementor-element-5129d18\" data-id=\"5129d18\" data-element_type=\"column\" data-e-type=\"column\">\n\t\t\t<div class=\"elementor-widget-wrap elementor-element-populated\">\n\t\t\t\t\t\t<div class=\"elementor-element elementor-element-ef9aa83 elementor-widget elementor-widget-heading\" data-id=\"ef9aa83\" data-element_type=\"widget\" data-e-type=\"widget\" data-widget_type=\"heading.default\">\n\t\t\t\t<div class=\"elementor-widget-container\">\n\t\t\t\t\t<h3 class=\"elementor-heading-title elementor-size-default\"><a href=\"https:\/\/sverigesradio.se\/avsnitt\/1575504\">Snedt\u00e4nkt med Kalle Lind<\/a><\/h3>\t\t\t\t<\/div>\n\t\t\t\t<\/div>\n\t\t\t\t<div class=\"elementor-element elementor-element-23e3066 elementor-widget elementor-widget-text-editor\" data-id=\"23e3066\" data-element_type=\"widget\" data-e-type=\"widget\" data-widget_type=\"text-editor.default\">\n\t\t\t\t<div class=\"elementor-widget-container\">\n\t\t\t\t\t\t\t\t\t<p><a href=\"https:\/\/sverigesradio.se\/avsnitt\/1575504\">Kalle Lind g\u00e5r p\u00e5 museum och h\u00f6r antikvarien Hel\u00e9n Lilja ber\u00e4tta om kostym\u00f6ren och modedesignern Svenb\u00f6rje Gaborn. Zarah, Lilian, Sofie Lindberg, Git Gay och \u00c5lakungen n\u00e4mns.<\/a><\/p>\t\t\t\t\t\t\t\t<\/div>\n\t\t\t\t<\/div>\n\t\t\t\t\t<\/div>\n\t\t<\/div>\n\t\t\t\t<div class=\"elementor-column elementor-col-50 elementor-top-column elementor-element elementor-element-4646907\" data-id=\"4646907\" data-element_type=\"column\" data-e-type=\"column\">\n\t\t\t<div class=\"elementor-widget-wrap elementor-element-populated\">\n\t\t\t\t\t\t<div class=\"elementor-element elementor-element-e6a083c elementor-widget elementor-widget-image\" data-id=\"e6a083c\" data-element_type=\"widget\" data-e-type=\"widget\" data-widget_type=\"image.default\">\n\t\t\t\t<div class=\"elementor-widget-container\">\n\t\t\t\t\t\t\t\t\t\t\t\t\t\t\t\t<a href=\"https:\/\/sverigesradio.se\/avsnitt\/1575504\">\n\t\t\t\t\t\t\t<img decoding=\"async\" width=\"300\" height=\"169\" src=\"https:\/\/i0.wp.com\/bthf.nu\/wp-content\/uploads\/2021\/04\/Snedtank.webp?fit=300%2C169&amp;ssl=1\" class=\"attachment-medium size-medium wp-image-732\" alt=\"\" srcset=\"https:\/\/i0.wp.com\/bthf.nu\/wp-content\/uploads\/2021\/04\/Snedtank.webp?w=1100&amp;ssl=1 1100w, https:\/\/i0.wp.com\/bthf.nu\/wp-content\/uploads\/2021\/04\/Snedtank.webp?resize=300%2C169&amp;ssl=1 300w, https:\/\/i0.wp.com\/bthf.nu\/wp-content\/uploads\/2021\/04\/Snedtank.webp?resize=1000%2C563&amp;ssl=1 1000w, https:\/\/i0.wp.com\/bthf.nu\/wp-content\/uploads\/2021\/04\/Snedtank.webp?resize=768%2C432&amp;ssl=1 768w, https:\/\/i0.wp.com\/bthf.nu\/wp-content\/uploads\/2021\/04\/Snedtank.webp?resize=800%2C450&amp;ssl=1 800w\" sizes=\"(max-width: 300px) 100vw, 300px\" \/>\t\t\t\t\t\t\t\t<\/a>\n\t\t\t\t\t\t\t\t\t\t\t\t\t\t\t<\/div>\n\t\t\t\t<\/div>\n\t\t\t\t\t<\/div>\n\t\t<\/div>\n\t\t\t\t\t<\/div>\n\t\t<\/section>\n\t\t\t\t<section class=\"elementor-section elementor-top-section elementor-element elementor-element-42e743b elementor-section-boxed elementor-section-height-default elementor-section-height-default\" data-id=\"42e743b\" data-element_type=\"section\" data-e-type=\"section\">\n\t\t\t\t\t\t<div class=\"elementor-container elementor-column-gap-default\">\n\t\t\t\t\t<div class=\"elementor-column elementor-col-100 elementor-top-column elementor-element elementor-element-adcdf06\" data-id=\"adcdf06\" data-element_type=\"column\" data-e-type=\"column\">\n\t\t\t<div class=\"elementor-widget-wrap elementor-element-populated\">\n\t\t\t\t\t\t<div class=\"elementor-element elementor-element-2a08bb8 elementor-widget-divider--view-line elementor-widget elementor-widget-divider\" data-id=\"2a08bb8\" data-element_type=\"widget\" data-e-type=\"widget\" data-widget_type=\"divider.default\">\n\t\t\t\t<div class=\"elementor-widget-container\">\n\t\t\t\t\t\t\t<div class=\"elementor-divider\">\n\t\t\t<span class=\"elementor-divider-separator\">\n\t\t\t\t\t\t<\/span>\n\t\t<\/div>\n\t\t\t\t\t\t<\/div>\n\t\t\t\t<\/div>\n\t\t\t\t\t<\/div>\n\t\t<\/div>\n\t\t\t\t\t<\/div>\n\t\t<\/section>\n\t\t\t\t<section class=\"elementor-section elementor-top-section elementor-element elementor-element-cefdd9c elementor-section-boxed elementor-section-height-default elementor-section-height-default\" data-id=\"cefdd9c\" data-element_type=\"section\" data-e-type=\"section\">\n\t\t\t\t\t\t<div class=\"elementor-container elementor-column-gap-default\">\n\t\t\t\t\t<div class=\"elementor-column elementor-col-25 elementor-top-column elementor-element elementor-element-6175fc8\" data-id=\"6175fc8\" data-element_type=\"column\" data-e-type=\"column\">\n\t\t\t<div class=\"elementor-widget-wrap elementor-element-populated\">\n\t\t\t\t\t\t<div class=\"elementor-element elementor-element-2d7bac2 elementor-widget elementor-widget-image\" data-id=\"2d7bac2\" data-element_type=\"widget\" data-e-type=\"widget\" data-widget_type=\"image.default\">\n\t\t\t\t<div class=\"elementor-widget-container\">\n\t\t\t\t\t\t\t\t\t\t\t\t\t\t\t\t<a href=\"https:\/\/sverigesradio.se\/\">\n\t\t\t\t\t\t\t<img decoding=\"async\" width=\"300\" height=\"172\" src=\"https:\/\/i0.wp.com\/bthf.nu\/wp-content\/uploads\/2026\/03\/sveriges-radio-sr-logga.webp?fit=300%2C172&amp;ssl=1\" class=\"attachment-medium size-medium wp-image-1960\" alt=\"\" srcset=\"https:\/\/i0.wp.com\/bthf.nu\/wp-content\/uploads\/2026\/03\/sveriges-radio-sr-logga.webp?w=500&amp;ssl=1 500w, https:\/\/i0.wp.com\/bthf.nu\/wp-content\/uploads\/2026\/03\/sveriges-radio-sr-logga.webp?resize=300%2C172&amp;ssl=1 300w\" sizes=\"(max-width: 300px) 100vw, 300px\" \/>\t\t\t\t\t\t\t\t<\/a>\n\t\t\t\t\t\t\t\t\t\t\t\t\t\t\t<\/div>\n\t\t\t\t<\/div>\n\t\t\t\t\t<\/div>\n\t\t<\/div>\n\t\t\t\t<div class=\"elementor-column elementor-col-25 elementor-top-column elementor-element elementor-element-b6cc883\" data-id=\"b6cc883\" data-element_type=\"column\" data-e-type=\"column\">\n\t\t\t<div class=\"elementor-widget-wrap elementor-element-populated\">\n\t\t\t\t\t\t<div class=\"elementor-element elementor-element-d793ab1 elementor-widget elementor-widget-image\" data-id=\"d793ab1\" data-element_type=\"widget\" data-e-type=\"widget\" data-widget_type=\"image.default\">\n\t\t\t\t<div class=\"elementor-widget-container\">\n\t\t\t\t\t\t\t\t\t\t\t\t\t\t\t\t<a href=\"https:\/\/sverigesradio.se\/default.aspx?programid=101\">\n\t\t\t\t\t\t\t<img loading=\"lazy\" decoding=\"async\" width=\"239\" height=\"211\" src=\"https:\/\/i0.wp.com\/bthf.nu\/wp-content\/uploads\/2021\/04\/nedladdning.webp?fit=239%2C211&amp;ssl=1\" class=\"attachment-medium size-medium wp-image-739\" alt=\"\" \/>\t\t\t\t\t\t\t\t<\/a>\n\t\t\t\t\t\t\t\t\t\t\t\t\t\t\t<\/div>\n\t\t\t\t<\/div>\n\t\t\t\t\t<\/div>\n\t\t<\/div>\n\t\t\t\t<div class=\"elementor-column elementor-col-25 elementor-top-column elementor-element elementor-element-3b7067d\" data-id=\"3b7067d\" data-element_type=\"column\" data-e-type=\"column\">\n\t\t\t<div class=\"elementor-widget-wrap elementor-element-populated\">\n\t\t\t\t\t\t<div class=\"elementor-element elementor-element-4252af7 elementor-widget elementor-widget-image\" data-id=\"4252af7\" data-element_type=\"widget\" data-e-type=\"widget\" data-widget_type=\"image.default\">\n\t\t\t\t<div class=\"elementor-widget-container\">\n\t\t\t\t\t\t\t\t\t\t\t\t\t\t\t\t<a href=\"https:\/\/sverigesradio.se\/snedtanktmedkallelind\">\n\t\t\t\t\t\t\t<img loading=\"lazy\" decoding=\"async\" width=\"300\" height=\"169\" src=\"https:\/\/i0.wp.com\/bthf.nu\/wp-content\/uploads\/2021\/04\/b924b702-02c2-436e-819e-c14df67a48f3.webp?fit=300%2C169&amp;ssl=1\" class=\"attachment-medium size-medium wp-image-738\" alt=\"\" srcset=\"https:\/\/i0.wp.com\/bthf.nu\/wp-content\/uploads\/2021\/04\/b924b702-02c2-436e-819e-c14df67a48f3.webp?w=768&amp;ssl=1 768w, https:\/\/i0.wp.com\/bthf.nu\/wp-content\/uploads\/2021\/04\/b924b702-02c2-436e-819e-c14df67a48f3.webp?resize=300%2C169&amp;ssl=1 300w\" sizes=\"(max-width: 300px) 100vw, 300px\" \/>\t\t\t\t\t\t\t\t<\/a>\n\t\t\t\t\t\t\t\t\t\t\t\t\t\t\t<\/div>\n\t\t\t\t<\/div>\n\t\t\t\t\t<\/div>\n\t\t<\/div>\n\t\t\t\t<div class=\"elementor-column elementor-col-25 elementor-top-column elementor-element elementor-element-06e2691\" data-id=\"06e2691\" data-element_type=\"column\" data-e-type=\"column\">\n\t\t\t<div class=\"elementor-widget-wrap elementor-element-populated\">\n\t\t\t\t\t\t<div class=\"elementor-element elementor-element-3c1e8d5 elementor-widget elementor-widget-image\" data-id=\"3c1e8d5\" data-element_type=\"widget\" data-e-type=\"widget\" data-widget_type=\"image.default\">\n\t\t\t\t<div class=\"elementor-widget-container\">\n\t\t\t\t\t\t\t\t\t\t\t\t\t\t\t\t<a href=\"https:\/\/www.svt.se\/\">\n\t\t\t\t\t\t\t<img loading=\"lazy\" decoding=\"async\" width=\"300\" height=\"168\" src=\"https:\/\/i0.wp.com\/bthf.nu\/wp-content\/uploads\/2021\/04\/SVT-1024x575-1.webp?fit=300%2C168&amp;ssl=1\" class=\"attachment-medium size-medium wp-image-740\" alt=\"\" srcset=\"https:\/\/i0.wp.com\/bthf.nu\/wp-content\/uploads\/2021\/04\/SVT-1024x575-1.webp?w=1024&amp;ssl=1 1024w, https:\/\/i0.wp.com\/bthf.nu\/wp-content\/uploads\/2021\/04\/SVT-1024x575-1.webp?resize=300%2C168&amp;ssl=1 300w, https:\/\/i0.wp.com\/bthf.nu\/wp-content\/uploads\/2021\/04\/SVT-1024x575-1.webp?resize=1000%2C562&amp;ssl=1 1000w, https:\/\/i0.wp.com\/bthf.nu\/wp-content\/uploads\/2021\/04\/SVT-1024x575-1.webp?resize=768%2C431&amp;ssl=1 768w, https:\/\/i0.wp.com\/bthf.nu\/wp-content\/uploads\/2021\/04\/SVT-1024x575-1.webp?resize=800%2C449&amp;ssl=1 800w\" sizes=\"(max-width: 300px) 100vw, 300px\" \/>\t\t\t\t\t\t\t\t<\/a>\n\t\t\t\t\t\t\t\t\t\t\t\t\t\t\t<\/div>\n\t\t\t\t<\/div>\n\t\t\t\t\t<\/div>\n\t\t<\/div>\n\t\t\t\t\t<\/div>\n\t\t<\/section>\n\t\t\t\t<\/div>\n\t\t","protected":false},"excerpt":{"rendered":"<p>H\u00f6r hela reportagen om Sk\u00e5nes gruvor och datorspel Gruvn\u00e4tet i nordv\u00e4stra Sk\u00e5ne \u00e4r ett bortgl\u00f6mt kulturarv, nu vill regionmuseet i Kristianstad l\u00e5ta folk \u00e5teruppt\u00e4cka det,&hellip;<\/p>\n","protected":false},"author":1,"featured_media":0,"parent":0,"menu_order":0,"comment_status":"closed","ping_status":"closed","template":"","meta":{"footnotes":""},"class_list":["post-725","page","type-page","status-publish","hentry"],"jetpack_sharing_enabled":true,"_links":{"self":[{"href":"https:\/\/bthf.nu\/index.php\/wp-json\/wp\/v2\/pages\/725","targetHints":{"allow":["GET"]}}],"collection":[{"href":"https:\/\/bthf.nu\/index.php\/wp-json\/wp\/v2\/pages"}],"about":[{"href":"https:\/\/bthf.nu\/index.php\/wp-json\/wp\/v2\/types\/page"}],"author":[{"embeddable":true,"href":"https:\/\/bthf.nu\/index.php\/wp-json\/wp\/v2\/users\/1"}],"replies":[{"embeddable":true,"href":"https:\/\/bthf.nu\/index.php\/wp-json\/wp\/v2\/comments?post=725"}],"version-history":[{"count":25,"href":"https:\/\/bthf.nu\/index.php\/wp-json\/wp\/v2\/pages\/725\/revisions"}],"predecessor-version":[{"id":1967,"href":"https:\/\/bthf.nu\/index.php\/wp-json\/wp\/v2\/pages\/725\/revisions\/1967"}],"wp:attachment":[{"href":"https:\/\/bthf.nu\/index.php\/wp-json\/wp\/v2\/media?parent=725"}],"curies":[{"name":"wp","href":"https:\/\/api.w.org\/{rel}","templated":true}]}}