{"id":67,"date":"2019-11-12T15:25:06","date_gmt":"2019-11-12T15:25:06","guid":{"rendered":"https:\/\/bthf.nu\/?page_id=67"},"modified":"2026-03-22T17:47:51","modified_gmt":"2026-03-22T17:47:51","slug":"styrelsen","status":"publish","type":"page","link":"https:\/\/bthf.nu\/index.php\/styrelsen\/","title":{"rendered":"Styrelsen"},"content":{"rendered":"\t\t<div data-elementor-type=\"wp-page\" data-elementor-id=\"67\" class=\"elementor elementor-67\" data-elementor-post-type=\"page\">\n\t\t\t\t\t\t<section class=\"elementor-section elementor-top-section elementor-element elementor-element-a94d494 elementor-section-boxed elementor-section-height-default elementor-section-height-default\" data-id=\"a94d494\" data-element_type=\"section\" data-e-type=\"section\">\n\t\t\t\t\t\t<div class=\"elementor-container elementor-column-gap-default\">\n\t\t\t\t\t<div class=\"elementor-column elementor-col-50 elementor-top-column elementor-element elementor-element-866d694\" data-id=\"866d694\" data-element_type=\"column\" data-e-type=\"column\">\n\t\t\t<div class=\"elementor-widget-wrap elementor-element-populated\">\n\t\t\t\t\t\t<div class=\"elementor-element elementor-element-74d3e48 elementor-widget elementor-widget-image\" data-id=\"74d3e48\" data-element_type=\"widget\" data-e-type=\"widget\" data-widget_type=\"image.default\">\n\t\t\t\t<div class=\"elementor-widget-container\">\n\t\t\t\t\t\t\t\t\t\t\t\t\t\t\t<img fetchpriority=\"high\" decoding=\"async\" width=\"843\" height=\"713\" src=\"https:\/\/i0.wp.com\/bthf.nu\/wp-content\/uploads\/2021\/07\/group-meeting.webp?fit=843%2C713&amp;ssl=1\" class=\"attachment-large size-large wp-image-866\" alt=\"\" srcset=\"https:\/\/i0.wp.com\/bthf.nu\/wp-content\/uploads\/2021\/07\/group-meeting.webp?w=1900&amp;ssl=1 1900w, https:\/\/i0.wp.com\/bthf.nu\/wp-content\/uploads\/2021\/07\/group-meeting.webp?resize=300%2C254&amp;ssl=1 300w, https:\/\/i0.wp.com\/bthf.nu\/wp-content\/uploads\/2021\/07\/group-meeting.webp?resize=1000%2C846&amp;ssl=1 1000w, https:\/\/i0.wp.com\/bthf.nu\/wp-content\/uploads\/2021\/07\/group-meeting.webp?resize=768%2C650&amp;ssl=1 768w, https:\/\/i0.wp.com\/bthf.nu\/wp-content\/uploads\/2021\/07\/group-meeting.webp?resize=1536%2C1300&amp;ssl=1 1536w, https:\/\/i0.wp.com\/bthf.nu\/wp-content\/uploads\/2021\/07\/group-meeting.webp?resize=800%2C677&amp;ssl=1 800w, https:\/\/i0.wp.com\/bthf.nu\/wp-content\/uploads\/2021\/07\/group-meeting.webp?w=1686&amp;ssl=1 1686w\" sizes=\"(max-width: 843px) 100vw, 843px\" \/>\t\t\t\t\t\t\t\t\t\t\t\t\t\t\t<\/div>\n\t\t\t\t<\/div>\n\t\t\t\t\t<\/div>\n\t\t<\/div>\n\t\t\t\t<div class=\"elementor-column elementor-col-50 elementor-top-column elementor-element elementor-element-07161c7\" data-id=\"07161c7\" data-element_type=\"column\" data-e-type=\"column\">\n\t\t\t<div class=\"elementor-widget-wrap elementor-element-populated\">\n\t\t\t\t\t\t<div class=\"elementor-element elementor-element-a864243 elementor-widget elementor-widget-text-editor\" data-id=\"a864243\" data-element_type=\"widget\" data-e-type=\"widget\" data-widget_type=\"text-editor.default\">\n\t\t\t\t<div class=\"elementor-widget-container\">\n\t\t\t\t\t\t\t\t\t<p><strong>Styrelsen 2026 best\u00e5r av<\/strong><\/p><p style=\"padding-left: 40px;\">Ordf\u00f6rande: Lisbeth Reimers<br \/>Vice Ordf\u00f6rande: Hans Wilsson<br \/>Sekreterare: Ann-Marie Larsson<br \/>Kass\u00f6r: Kerstin G\u00f6ransson<br \/>Ledamot: Anita Blixt<br \/>Ledamot: Jenny Bengtsson<br \/>Ledamot: Katarina Brackenberg<br \/>Ledamot: Fredrik Johansson<br \/>Suppleant: Johan Lindkvist<br \/>Suppleant: Jimmy Persson<br \/>Suppleant: Kjell-Arne Nilsson<br \/>Suppleant: Leif Th\u00f6rnqvist<br \/>Suppleant: Ted Nilsson<\/p>\t\t\t\t\t\t\t\t<\/div>\n\t\t\t\t<\/div>\n\t\t\t\t\t<\/div>\n\t\t<\/div>\n\t\t\t\t\t<\/div>\n\t\t<\/section>\n\t\t\t\t<\/div>\n\t\t","protected":false},"excerpt":{"rendered":"<p>Styrelsen 2026 best\u00e5r av Ordf\u00f6rande: Lisbeth ReimersVice Ordf\u00f6rande: Hans WilssonSekreterare: Ann-Marie LarssonKass\u00f6r: Kerstin G\u00f6ranssonLedamot: Anita BlixtLedamot: Jenny BengtssonLedamot: Katarina BrackenbergLedamot: Fredrik JohanssonSuppleant: Johan LindkvistSuppleant: Jimmy&hellip;<\/p>\n","protected":false},"author":1,"featured_media":0,"parent":0,"menu_order":0,"comment_status":"closed","ping_status":"closed","template":"","meta":{"footnotes":""},"class_list":["post-67","page","type-page","status-publish","hentry"],"jetpack_sharing_enabled":true,"_links":{"self":[{"href":"https:\/\/bthf.nu\/index.php\/wp-json\/wp\/v2\/pages\/67","targetHints":{"allow":["GET"]}}],"collection":[{"href":"https:\/\/bthf.nu\/index.php\/wp-json\/wp\/v2\/pages"}],"about":[{"href":"https:\/\/bthf.nu\/index.php\/wp-json\/wp\/v2\/types\/page"}],"author":[{"embeddable":true,"href":"https:\/\/bthf.nu\/index.php\/wp-json\/wp\/v2\/users\/1"}],"replies":[{"embeddable":true,"href":"https:\/\/bthf.nu\/index.php\/wp-json\/wp\/v2\/comments?post=67"}],"version-history":[{"count":49,"href":"https:\/\/bthf.nu\/index.php\/wp-json\/wp\/v2\/pages\/67\/revisions"}],"predecessor-version":[{"id":1989,"href":"https:\/\/bthf.nu\/index.php\/wp-json\/wp\/v2\/pages\/67\/revisions\/1989"}],"wp:attachment":[{"href":"https:\/\/bthf.nu\/index.php\/wp-json\/wp\/v2\/media?parent=67"}],"curies":[{"name":"wp","href":"https:\/\/api.w.org\/{rel}","templated":true}]}}