{"id":531,"date":"2020-07-05T09:28:51","date_gmt":"2020-07-05T09:28:51","guid":{"rendered":"https:\/\/bthf.nu\/?page_id=531"},"modified":"2025-11-10T12:32:36","modified_gmt":"2025-11-10T12:32:36","slug":"museet","status":"publish","type":"page","link":"https:\/\/bthf.nu\/index.php\/museet\/","title":{"rendered":"Museet"},"content":{"rendered":"\t\t<div data-elementor-type=\"wp-page\" data-elementor-id=\"531\" class=\"elementor elementor-531\" data-elementor-post-type=\"page\">\n\t\t\t\t\t\t<section class=\"elementor-section elementor-top-section elementor-element elementor-element-c2886af elementor-section-boxed elementor-section-height-default elementor-section-height-default\" data-id=\"c2886af\" data-element_type=\"section\" data-e-type=\"section\">\n\t\t\t\t\t\t<div class=\"elementor-container elementor-column-gap-default\">\n\t\t\t\t\t<div class=\"elementor-column elementor-col-100 elementor-top-column elementor-element elementor-element-119bcbf\" data-id=\"119bcbf\" data-element_type=\"column\" data-e-type=\"column\">\n\t\t\t<div class=\"elementor-widget-wrap elementor-element-populated\">\n\t\t\t\t\t\t\t<\/div>\n\t\t<\/div>\n\t\t\t\t\t<\/div>\n\t\t<\/section>\n\t\t\t\t<section class=\"elementor-section elementor-top-section elementor-element elementor-element-205ac88 elementor-section-boxed elementor-section-height-default elementor-section-height-default\" data-id=\"205ac88\" data-element_type=\"section\" data-e-type=\"section\">\n\t\t\t\t\t\t<div class=\"elementor-container elementor-column-gap-default\">\n\t\t\t\t\t<div class=\"elementor-column elementor-col-50 elementor-top-column elementor-element elementor-element-67142c1\" data-id=\"67142c1\" data-element_type=\"column\" data-e-type=\"column\">\n\t\t\t<div class=\"elementor-widget-wrap elementor-element-populated\">\n\t\t\t\t\t\t<div class=\"elementor-element elementor-element-c2b54cf elementor-widget elementor-widget-image\" data-id=\"c2b54cf\" data-element_type=\"widget\" data-e-type=\"widget\" data-widget_type=\"image.default\">\n\t\t\t\t<div class=\"elementor-widget-container\">\n\t\t\t\t\t\t\t\t\t\t\t\t\t\t\t<img fetchpriority=\"high\" decoding=\"async\" width=\"768\" height=\"456\" src=\"https:\/\/i0.wp.com\/bthf.nu\/wp-content\/uploads\/2020\/07\/Stallet_2.webp?fit=768%2C456&amp;ssl=1\" class=\"attachment-medium_large size-medium_large wp-image-539\" alt=\"\" srcset=\"https:\/\/i0.wp.com\/bthf.nu\/wp-content\/uploads\/2020\/07\/Stallet_2.webp?w=1440&amp;ssl=1 1440w, https:\/\/i0.wp.com\/bthf.nu\/wp-content\/uploads\/2020\/07\/Stallet_2.webp?resize=300%2C178&amp;ssl=1 300w, https:\/\/i0.wp.com\/bthf.nu\/wp-content\/uploads\/2020\/07\/Stallet_2.webp?resize=1000%2C594&amp;ssl=1 1000w, https:\/\/i0.wp.com\/bthf.nu\/wp-content\/uploads\/2020\/07\/Stallet_2.webp?resize=768%2C456&amp;ssl=1 768w, https:\/\/i0.wp.com\/bthf.nu\/wp-content\/uploads\/2020\/07\/Stallet_2.webp?resize=800%2C475&amp;ssl=1 800w\" sizes=\"(max-width: 768px) 100vw, 768px\" \/>\t\t\t\t\t\t\t\t\t\t\t\t\t\t\t<\/div>\n\t\t\t\t<\/div>\n\t\t\t\t\t<\/div>\n\t\t<\/div>\n\t\t\t\t<div class=\"elementor-column elementor-col-50 elementor-top-column elementor-element elementor-element-bdb67df\" data-id=\"bdb67df\" data-element_type=\"column\" data-e-type=\"column\">\n\t\t\t<div class=\"elementor-widget-wrap elementor-element-populated\">\n\t\t\t\t\t\t<div class=\"elementor-element elementor-element-d911e1a elementor-widget elementor-widget-text-editor\" data-id=\"d911e1a\" data-element_type=\"widget\" data-e-type=\"widget\" data-widget_type=\"text-editor.default\">\n\t\t\t\t<div class=\"elementor-widget-container\">\n\t\t\t\t\t\t\t\t\t<p style=\"text-align: left;\">V\u00e5rt museums uppgift \u00e4r att samla och bevara objekt av betydelse f\u00f6r bygden och visa f\u00f6r allm\u00e4nheten i tillf\u00e4lliga eller permanenta utst\u00e4llningar. Lokalen \u00e4r tillg\u00e4nglig f\u00f6r alla, \u00e4ven med rullstolar och rollatorer. <br \/>Mus\u00e9et \u00e4r normalt \u00f6ppet l\u00f6rdagar 10-13 under m\u00e5naderna juni &#8211; augusti samt vid utvalda arrangemang. Just nu byter vi utst\u00e4llningar och det kommer p\u00e5g\u00e5 till juni 2026.\u00a0<\/p><p style=\"text-align: left;\"><span style=\"font-family: var( --e-global-typography-text-font-family ), Sans-serif; font-size: var( --e-global-typography-text-font-size ); font-weight: var( --e-global-typography-text-font-weight );\">Det finns m\u00f6jlighet f\u00f6r grupper att boka visning p\u00e5 andra tider, h\u00f6r av er till 0702-50 46 00 eller maila oss genom att tryck p\u00e5 brevet nedan.<\/span><\/p>\t\t\t\t\t\t\t\t<\/div>\n\t\t\t\t<\/div>\n\t\t\t\t<div class=\"elementor-element elementor-element-47678f3 elementor-view-default elementor-widget elementor-widget-icon\" data-id=\"47678f3\" data-element_type=\"widget\" data-e-type=\"widget\" data-widget_type=\"icon.default\">\n\t\t\t\t<div class=\"elementor-widget-container\">\n\t\t\t\t\t\t\t<div class=\"elementor-icon-wrapper\">\n\t\t\t<a class=\"elementor-icon\" href=\"mailto:%20museum@bthf.nu\">\n\t\t\t<i aria-hidden=\"true\" class=\"fas fa-mail-bulk\"><\/i>\t\t\t<\/a>\n\t\t<\/div>\n\t\t\t\t\t\t<\/div>\n\t\t\t\t<\/div>\n\t\t\t\t\t<\/div>\n\t\t<\/div>\n\t\t\t\t\t<\/div>\n\t\t<\/section>\n\t\t\t\t<section class=\"elementor-section elementor-top-section elementor-element elementor-element-3534dcb elementor-section-boxed elementor-section-height-default elementor-section-height-default\" data-id=\"3534dcb\" data-element_type=\"section\" data-e-type=\"section\">\n\t\t\t\t\t\t<div class=\"elementor-container elementor-column-gap-default\">\n\t\t\t\t\t<div class=\"elementor-column elementor-col-100 elementor-top-column elementor-element elementor-element-04db613\" data-id=\"04db613\" data-element_type=\"column\" data-e-type=\"column\">\n\t\t\t<div class=\"elementor-widget-wrap elementor-element-populated\">\n\t\t\t\t\t\t<div class=\"elementor-element elementor-element-60e7fcb elementor-widget-divider--view-line elementor-widget elementor-widget-divider\" data-id=\"60e7fcb\" data-element_type=\"widget\" data-e-type=\"widget\" data-widget_type=\"divider.default\">\n\t\t\t\t<div class=\"elementor-widget-container\">\n\t\t\t\t\t\t\t<div class=\"elementor-divider\">\n\t\t\t<span class=\"elementor-divider-separator\">\n\t\t\t\t\t\t<\/span>\n\t\t<\/div>\n\t\t\t\t\t\t<\/div>\n\t\t\t\t<\/div>\n\t\t\t\t\t<\/div>\n\t\t<\/div>\n\t\t\t\t\t<\/div>\n\t\t<\/section>\n\t\t\t\t<section class=\"elementor-section elementor-top-section elementor-element elementor-element-cd6ed16 elementor-section-boxed elementor-section-height-default elementor-section-height-default\" data-id=\"cd6ed16\" data-element_type=\"section\" data-e-type=\"section\">\n\t\t\t\t\t\t<div class=\"elementor-container elementor-column-gap-default\">\n\t\t\t\t\t<div class=\"elementor-column elementor-col-100 elementor-top-column elementor-element elementor-element-033f899\" data-id=\"033f899\" data-element_type=\"column\" data-e-type=\"column\">\n\t\t\t<div class=\"elementor-widget-wrap elementor-element-populated\">\n\t\t\t\t\t\t<div class=\"elementor-element elementor-element-aeb1171 elementor-widget elementor-widget-heading\" data-id=\"aeb1171\" data-element_type=\"widget\" data-e-type=\"widget\" data-widget_type=\"heading.default\">\n\t\t\t\t<div class=\"elementor-widget-container\">\n\t\t\t\t\t<h2 class=\"elementor-heading-title elementor-size-default\">Invigning 2018<\/h2>\t\t\t\t<\/div>\n\t\t\t\t<\/div>\n\t\t\t\t<section class=\"elementor-section elementor-inner-section elementor-element elementor-element-8f8ffa7 elementor-section-boxed elementor-section-height-default elementor-section-height-default\" data-id=\"8f8ffa7\" data-element_type=\"section\" data-e-type=\"section\">\n\t\t\t\t\t\t<div class=\"elementor-container elementor-column-gap-default\">\n\t\t\t\t\t<div class=\"elementor-column elementor-col-50 elementor-inner-column elementor-element elementor-element-2ff4c3f\" data-id=\"2ff4c3f\" data-element_type=\"column\" data-e-type=\"column\">\n\t\t\t<div class=\"elementor-widget-wrap elementor-element-populated\">\n\t\t\t\t\t\t<div class=\"elementor-element elementor-element-c246e96 elementor-widget elementor-widget-text-editor\" data-id=\"c246e96\" data-element_type=\"widget\" data-e-type=\"widget\" data-widget_type=\"text-editor.default\">\n\t\t\t\t<div class=\"elementor-widget-container\">\n\t\t\t\t\t\t\t\t\t<p>P\u00e5 kulturarvsdagen l\u00f6rdagen den 8 september 2018 invigdes v\u00e5rt \u201dnya\u201d museum efter flytten fr\u00e5n loftet p\u00e5 tredje v\u00e5ningen i den gamla pr\u00e4stg\u00e5rden. F\u00f6r m\u00e5nga bes\u00f6kare har det varit sv\u00e5rt att ta sig upp f\u00f6r alla trapporna. Byggnaden man nu befinner sig i \u00e4r egentligen ett gammalt svinhus fr\u00e5n den tid d\u00e5 det h\u00f6rde till ett lantbruk till pr\u00e4stg\u00e5rden. Byggnaden har kallats f\u00f6r \u201dStallet\u201d, sedan den invigdes som samlingslokal 1994, kanske f\u00f6r att det l\u00e5ter lite b\u00e4ttre \u00e4n att kalla det f\u00f6r \u201dSvinahuset\u201d. Lokalen har sedan anv\u00e4nts mest sporadiskt vid \u00e5rsm\u00f6ten, filmvisningar, f\u00f6rel\u00e4sningar och liknande arrangemang. Tack vare flytten hamnar nu mus\u00e9et i markplan, vilket g\u00f6r att man nu l\u00e4tt kan komma in \u00e4ven med rullstol s\u00e5v\u00e4l som rollator.\u00a0<\/p>\t\t\t\t\t\t\t\t<\/div>\n\t\t\t\t<\/div>\n\t\t\t\t\t<\/div>\n\t\t<\/div>\n\t\t\t\t<div class=\"elementor-column elementor-col-50 elementor-inner-column elementor-element elementor-element-1908217\" data-id=\"1908217\" data-element_type=\"column\" data-e-type=\"column\">\n\t\t\t<div class=\"elementor-widget-wrap elementor-element-populated\">\n\t\t\t\t\t\t<div class=\"elementor-element elementor-element-42abecc elementor--h-position-center elementor--v-position-middle elementor-arrows-position-inside elementor-widget elementor-widget-slides\" data-id=\"42abecc\" data-element_type=\"widget\" data-e-type=\"widget\" data-settings=\"{&quot;navigation&quot;:&quot;arrows&quot;,&quot;transition&quot;:&quot;fade&quot;,&quot;transition_speed&quot;:1000,&quot;autoplay&quot;:&quot;yes&quot;,&quot;autoplay_speed&quot;:5000,&quot;infinite&quot;:&quot;yes&quot;}\" data-widget_type=\"slides.default\">\n\t\t\t\t<div class=\"elementor-widget-container\">\n\t\t\t\t\t\t\t\t\t<div class=\"elementor-swiper\">\n\t\t\t\t\t<div class=\"elementor-slides-wrapper elementor-main-swiper swiper\" role=\"region\" aria-roledescription=\"carousel\" aria-label=\"Bildspel\" dir=\"ltr\" data-animation=\"fadeInUp\">\n\t\t\t\t<div class=\"swiper-wrapper elementor-slides\">\n\t\t\t\t\t\t\t\t\t\t<div class=\"elementor-repeater-item-b40e4b8 swiper-slide\" role=\"group\" aria-roledescription=\"slide\"><div class=\"swiper-slide-bg\" role=\"img\" aria-label=\"Inv_1\"><\/div><div class=\"swiper-slide-inner\" ><div class=\"swiper-slide-contents\"><\/div><\/div><\/div><div class=\"elementor-repeater-item-824c84e swiper-slide\" role=\"group\" aria-roledescription=\"slide\"><div class=\"swiper-slide-bg\" role=\"img\" aria-label=\"Inv_2\"><\/div><div class=\"swiper-slide-inner\" ><div class=\"swiper-slide-contents\"><\/div><\/div><\/div><div class=\"elementor-repeater-item-26a03fa swiper-slide\" role=\"group\" aria-roledescription=\"slide\"><div class=\"swiper-slide-bg\" role=\"img\" aria-label=\"Inv_2\"><\/div><div class=\"swiper-slide-inner\" ><div class=\"swiper-slide-contents\"><\/div><\/div><\/div><div class=\"elementor-repeater-item-457866e swiper-slide\" role=\"group\" aria-roledescription=\"slide\"><div class=\"swiper-slide-bg\" role=\"img\" aria-label=\"Inv_3\"><\/div><div class=\"swiper-slide-inner\" ><div class=\"swiper-slide-contents\"><\/div><\/div><\/div><div class=\"elementor-repeater-item-d693867 swiper-slide\" role=\"group\" aria-roledescription=\"slide\"><div class=\"swiper-slide-bg\" role=\"img\" aria-label=\"Inv_4\"><\/div><div class=\"swiper-slide-inner\" ><div class=\"swiper-slide-contents\"><\/div><\/div><\/div><div class=\"elementor-repeater-item-31cd2eb swiper-slide\" role=\"group\" aria-roledescription=\"slide\"><div class=\"swiper-slide-bg\" role=\"img\" aria-label=\"Inv_5\"><\/div><div class=\"swiper-slide-inner\" ><div class=\"swiper-slide-contents\"><\/div><\/div><\/div><div class=\"elementor-repeater-item-d5fcaa4 swiper-slide\" role=\"group\" aria-roledescription=\"slide\"><div class=\"swiper-slide-bg\" role=\"img\" aria-label=\"Inv_6\"><\/div><div class=\"swiper-slide-inner\" ><div class=\"swiper-slide-contents\"><\/div><\/div><\/div>\t\t\t\t<\/div>\n\t\t\t\t\t\t\t\t\t\t\t\t\t\t\t<div class=\"elementor-swiper-button elementor-swiper-button-prev\" role=\"button\" tabindex=\"0\" aria-label=\"F\u00f6reg\u00e5ende bild\">\n\t\t\t\t\t\t\t<i aria-hidden=\"true\" class=\"eicon-chevron-left\"><\/i>\t\t\t\t\t\t<\/div>\n\t\t\t\t\t\t<div class=\"elementor-swiper-button elementor-swiper-button-next\" role=\"button\" tabindex=\"0\" aria-label=\"N\u00e4sta bild\">\n\t\t\t\t\t\t\t<i aria-hidden=\"true\" class=\"eicon-chevron-right\"><\/i>\t\t\t\t\t\t<\/div>\n\t\t\t\t\t\t\t\t\t\t\t\t\t\t\t\t\t<\/div>\n\t\t\t\t<\/div>\n\t\t\t\t\t\t\t\t<\/div>\n\t\t\t\t<\/div>\n\t\t\t\t\t<\/div>\n\t\t<\/div>\n\t\t\t\t\t<\/div>\n\t\t<\/section>\n\t\t\t\t<div class=\"elementor-element elementor-element-45d8e21 elementor-widget elementor-widget-text-editor\" data-id=\"45d8e21\" data-element_type=\"widget\" data-e-type=\"widget\" data-widget_type=\"text-editor.default\">\n\t\t\t\t<div class=\"elementor-widget-container\">\n\t\t\t\t\t\t\t\t\t<p>Efter drygt fem \u00e5rs h\u00e5rt arbete har vi nu f\u00e5tt ett modernt och v\u00e4lanpassat museum, tillg\u00e4ngligt f\u00f6r alla, b\u00e5de yngre och \u00e4ldre. Organisat\u00f6r och den som lagt ner mest tid p\u00e5 allt arbete i samband med flytten och uppbyggandet av museilokalen samt id\u00e9sprutan bakom utst\u00e4llningarna \u00e4r v\u00e5r drivande vice ordf\u00f6rande, Staffan Nilsson, som lagt ner b\u00e5de semestrar och fritid p\u00e5 detta stora projekt. Givetvis har han d\u00e5 och d\u00e5 haft god hj\u00e4lp av andra hantverkare i f\u00f6reningen. En av dessa har varit pensionerade snickaren Jimmy Persson fr\u00e5n Gunnarstorp. Tack vare stora ideella insatser och sponsring, samt viss finansering fr\u00e5n kommunen och Sparbanken Ekeby, har nu f\u00f6reningen byggt upp en ordentlig museilokal, d\u00e4r man planerar att visa olika tematiserade utst\u00e4llningar.<\/p><p>Invigningen l\u00f6rdag den 8 september blev en h\u00f6jdpunkt b\u00e5de f\u00f6r f\u00f6reningen, men ocks\u00e5 f\u00f6r hela kommunen. Efter invigningstal av f\u00f6reningens ordf\u00f6rande, Hans Wilson, samt de inbjudna hedersg\u00e4sterna, Marianne Th\u00f6rning fr\u00e5n, av ortens inv\u00e5nare, mycket uppskattade Ekeby sparbank, f\u00f6r Bjuvs kommuns kultursektor, bibliotekschef Katarina M\u00e5nsson, Pia Sander fr\u00e5n Sk\u00e5nes hembygdsf\u00f6rbund och Helene Stalin \u00c5kesson fr\u00e5n Regionmus\u00e9et Kristianstad, klipptes bandet medan Monika Fredriksson fr\u00e5n Billesholms Musikk\u00e5r bl\u00e5ste fanfar.<\/p>\t\t\t\t\t\t\t\t<\/div>\n\t\t\t\t<\/div>\n\t\t\t\t\t<\/div>\n\t\t<\/div>\n\t\t\t\t\t<\/div>\n\t\t<\/section>\n\t\t\t\t<section class=\"elementor-section elementor-top-section elementor-element elementor-element-a82fafb elementor-section-boxed elementor-section-height-default elementor-section-height-default\" data-id=\"a82fafb\" data-element_type=\"section\" data-e-type=\"section\">\n\t\t\t\t\t\t<div class=\"elementor-container elementor-column-gap-default\">\n\t\t\t\t\t<div class=\"elementor-column elementor-col-100 elementor-top-column elementor-element elementor-element-2d75df4\" data-id=\"2d75df4\" data-element_type=\"column\" data-e-type=\"column\">\n\t\t\t<div class=\"elementor-widget-wrap elementor-element-populated\">\n\t\t\t\t\t\t<div class=\"elementor-element elementor-element-16a0472 elementor-widget-divider--view-line elementor-widget elementor-widget-divider\" data-id=\"16a0472\" data-element_type=\"widget\" data-e-type=\"widget\" data-widget_type=\"divider.default\">\n\t\t\t\t<div class=\"elementor-widget-container\">\n\t\t\t\t\t\t\t<div class=\"elementor-divider\">\n\t\t\t<span class=\"elementor-divider-separator\">\n\t\t\t\t\t\t<\/span>\n\t\t<\/div>\n\t\t\t\t\t\t<\/div>\n\t\t\t\t<\/div>\n\t\t\t\t\t<\/div>\n\t\t<\/div>\n\t\t\t\t\t<\/div>\n\t\t<\/section>\n\t\t\t\t<section class=\"elementor-section elementor-top-section elementor-element elementor-element-a200fcb elementor-section-boxed elementor-section-height-default elementor-section-height-default\" data-id=\"a200fcb\" data-element_type=\"section\" data-e-type=\"section\">\n\t\t\t\t\t\t<div class=\"elementor-container elementor-column-gap-default\">\n\t\t\t\t\t<div class=\"elementor-column elementor-col-100 elementor-top-column elementor-element elementor-element-62aac94\" data-id=\"62aac94\" data-element_type=\"column\" data-e-type=\"column\">\n\t\t\t<div class=\"elementor-widget-wrap elementor-element-populated\">\n\t\t\t\t\t\t<div class=\"elementor-element elementor-element-64b2a14 elementor-widget-divider--view-line elementor-widget elementor-widget-divider\" data-id=\"64b2a14\" data-element_type=\"widget\" data-e-type=\"widget\" data-widget_type=\"divider.default\">\n\t\t\t\t<div class=\"elementor-widget-container\">\n\t\t\t\t\t\t\t<div class=\"elementor-divider\">\n\t\t\t<span class=\"elementor-divider-separator\">\n\t\t\t\t\t\t<\/span>\n\t\t<\/div>\n\t\t\t\t\t\t<\/div>\n\t\t\t\t<\/div>\n\t\t\t\t\t<\/div>\n\t\t<\/div>\n\t\t\t\t\t<\/div>\n\t\t<\/section>\n\t\t\t\t<\/div>\n\t\t","protected":false},"excerpt":{"rendered":"<p>V\u00e5rt museums uppgift \u00e4r att samla och bevara objekt av betydelse f\u00f6r bygden och visa f\u00f6r allm\u00e4nheten i tillf\u00e4lliga eller permanenta utst\u00e4llningar. Lokalen \u00e4r tillg\u00e4nglig&hellip;<\/p>\n","protected":false},"author":1,"featured_media":0,"parent":0,"menu_order":0,"comment_status":"closed","ping_status":"closed","template":"","meta":{"footnotes":""},"class_list":["post-531","page","type-page","status-publish","hentry"],"jetpack_sharing_enabled":true,"_links":{"self":[{"href":"https:\/\/bthf.nu\/index.php\/wp-json\/wp\/v2\/pages\/531","targetHints":{"allow":["GET"]}}],"collection":[{"href":"https:\/\/bthf.nu\/index.php\/wp-json\/wp\/v2\/pages"}],"about":[{"href":"https:\/\/bthf.nu\/index.php\/wp-json\/wp\/v2\/types\/page"}],"author":[{"embeddable":true,"href":"https:\/\/bthf.nu\/index.php\/wp-json\/wp\/v2\/users\/1"}],"replies":[{"embeddable":true,"href":"https:\/\/bthf.nu\/index.php\/wp-json\/wp\/v2\/comments?post=531"}],"version-history":[{"count":39,"href":"https:\/\/bthf.nu\/index.php\/wp-json\/wp\/v2\/pages\/531\/revisions"}],"predecessor-version":[{"id":1929,"href":"https:\/\/bthf.nu\/index.php\/wp-json\/wp\/v2\/pages\/531\/revisions\/1929"}],"wp:attachment":[{"href":"https:\/\/bthf.nu\/index.php\/wp-json\/wp\/v2\/media?parent=531"}],"curies":[{"name":"wp","href":"https:\/\/api.w.org\/{rel}","templated":true}]}}