{"id":206,"date":"2020-04-18T17:19:18","date_gmt":"2020-04-18T17:19:18","guid":{"rendered":"https:\/\/bthf.nu\/?page_id=206"},"modified":"2020-05-17T12:11:48","modified_gmt":"2020-05-17T12:11:48","slug":"webbutiken","status":"publish","type":"page","link":"https:\/\/bthf.nu\/index.php\/webbutiken\/","title":{"rendered":"Webbutiken"},"content":{"rendered":"\t\t<div data-elementor-type=\"wp-page\" data-elementor-id=\"206\" class=\"elementor elementor-206\" data-elementor-post-type=\"page\">\n\t\t\t\t\t\t<section class=\"elementor-section elementor-top-section elementor-element elementor-element-7a6074fc elementor-section-boxed elementor-section-height-default elementor-section-height-default\" data-id=\"7a6074fc\" data-element_type=\"section\" data-e-type=\"section\">\n\t\t\t\t\t\t<div class=\"elementor-container elementor-column-gap-default\">\n\t\t\t\t\t<div class=\"elementor-column elementor-col-100 elementor-top-column elementor-element elementor-element-79e1bb82\" data-id=\"79e1bb82\" data-element_type=\"column\" data-e-type=\"column\">\n\t\t\t<div class=\"elementor-widget-wrap elementor-element-populated\">\n\t\t\t\t\t\t<div class=\"elementor-element elementor-element-7182037a elementor-widget elementor-widget-text-editor\" data-id=\"7182037a\" data-element_type=\"widget\" data-e-type=\"widget\" data-widget_type=\"text-editor.default\">\n\t\t\t\t<div class=\"elementor-widget-container\">\n\t\t\t\t\t\t\t\t\t<strong>V\u00e4lkommen till v\u00e5r webbutik.<\/strong>\r\nH\u00e4r hittar du v\u00e5ra egenproducerade hembygdsb\u00f6cker samt b\u00f6cker fr\u00e5n antikvariatet. Du hittar ocks\u00e5 andra prylar som vi har till f\u00f6rs\u00e4ljning.\r\n<strong>Som medlem har du alltid 10% rabatt p\u00e5 v\u00e5ra b\u00f6cker genom rabattkod<\/strong>. Har du inte f\u00e5tt rabattkoden mejlar du order@bthf.nu och uppger namn och medlemsnummer.\r\n\r\nHoppas du kan hitta n\u00e5got som passar dig i v\u00e5r webbutik.\t\t\t\t\t\t\t\t<\/div>\n\t\t\t\t<\/div>\n\t\t\t\t<div class=\"elementor-element elementor-element-cd09882 elementor-align-center elementor-widget elementor-widget-button\" data-id=\"cd09882\" data-element_type=\"widget\" data-e-type=\"widget\" data-widget_type=\"button.default\">\n\t\t\t\t<div class=\"elementor-widget-container\">\n\t\t\t\t\t\t\t\t\t<div class=\"elementor-button-wrapper\">\n\t\t\t\t\t<a class=\"elementor-button elementor-button-link elementor-size-sm elementor-animation-grow\" href=\"https:\/\/bthf.nu\/index.php\/webbutiken\/shop\/\" rel=\"nofollow\">\n\t\t\t\t\t\t<span class=\"elementor-button-content-wrapper\">\n\t\t\t\t\t\t\t\t\t<span class=\"elementor-button-text\">Till produkterna<\/span>\n\t\t\t\t\t<\/span>\n\t\t\t\t\t<\/a>\n\t\t\t\t<\/div>\n\t\t\t\t\t\t\t\t<\/div>\n\t\t\t\t<\/div>\n\t\t\t\t\t<\/div>\n\t\t<\/div>\n\t\t\t\t\t<\/div>\n\t\t<\/section>\n\t\t\t\t<\/div>\n\t\t","protected":false},"excerpt":{"rendered":"<p>V\u00e4lkommen till v\u00e5r webbutik. H\u00e4r hittar du v\u00e5ra egenproducerade hembygdsb\u00f6cker samt b\u00f6cker fr\u00e5n antikvariatet. Du hittar ocks\u00e5 andra prylar som vi har till f\u00f6rs\u00e4ljning. Som&hellip;<\/p>\n","protected":false},"author":1,"featured_media":0,"parent":0,"menu_order":0,"comment_status":"closed","ping_status":"closed","template":"","meta":{"footnotes":""},"class_list":["post-206","page","type-page","status-publish","hentry"],"jetpack_sharing_enabled":true,"_links":{"self":[{"href":"https:\/\/bthf.nu\/index.php\/wp-json\/wp\/v2\/pages\/206","targetHints":{"allow":["GET"]}}],"collection":[{"href":"https:\/\/bthf.nu\/index.php\/wp-json\/wp\/v2\/pages"}],"about":[{"href":"https:\/\/bthf.nu\/index.php\/wp-json\/wp\/v2\/types\/page"}],"author":[{"embeddable":true,"href":"https:\/\/bthf.nu\/index.php\/wp-json\/wp\/v2\/users\/1"}],"replies":[{"embeddable":true,"href":"https:\/\/bthf.nu\/index.php\/wp-json\/wp\/v2\/comments?post=206"}],"version-history":[{"count":9,"href":"https:\/\/bthf.nu\/index.php\/wp-json\/wp\/v2\/pages\/206\/revisions"}],"predecessor-version":[{"id":421,"href":"https:\/\/bthf.nu\/index.php\/wp-json\/wp\/v2\/pages\/206\/revisions\/421"}],"wp:attachment":[{"href":"https:\/\/bthf.nu\/index.php\/wp-json\/wp\/v2\/media?parent=206"}],"curies":[{"name":"wp","href":"https:\/\/api.w.org\/{rel}","templated":true}]}}