{"id":107,"date":"2020-03-22T16:09:52","date_gmt":"2020-03-22T16:09:52","guid":{"rendered":"https:\/\/bthf.nu\/?page_id=107"},"modified":"2020-05-17T13:16:02","modified_gmt":"2020-05-17T13:16:02","slug":"om-foreningen","status":"publish","type":"page","link":"https:\/\/bthf.nu\/index.php\/om-foreningen\/","title":{"rendered":"Om f\u00f6reningen"},"content":{"rendered":"\t\t<div data-elementor-type=\"wp-page\" data-elementor-id=\"107\" class=\"elementor elementor-107\" data-elementor-post-type=\"page\">\n\t\t\t\t\t\t<section class=\"elementor-section elementor-top-section elementor-element elementor-element-d6ef6b2 elementor-section-boxed elementor-section-height-default elementor-section-height-default\" data-id=\"d6ef6b2\" data-element_type=\"section\" data-e-type=\"section\">\n\t\t\t\t\t\t<div class=\"elementor-container elementor-column-gap-default\">\n\t\t\t\t\t<div class=\"elementor-column elementor-col-100 elementor-top-column elementor-element elementor-element-91fed27\" data-id=\"91fed27\" data-element_type=\"column\" data-e-type=\"column\">\n\t\t\t<div class=\"elementor-widget-wrap elementor-element-populated\">\n\t\t\t\t\t\t<div class=\"elementor-element elementor-element-2cdaace elementor-widget elementor-widget-text-editor\" data-id=\"2cdaace\" data-element_type=\"widget\" data-e-type=\"widget\" data-widget_type=\"text-editor.default\">\n\t\t\t\t<div class=\"elementor-widget-container\">\n\t\t\t\t\t\t\t\t\t<p>Historik<\/p><p>F\u00f6reningen bildades 1928 p\u00e5 initiativ av kartografen Edwin Ahlanzberg och handlanden Josef Nilsson. Enligt stadgarna har den till \u00e4ndam\u00e5l att:<br \/>&#8221;Fr\u00e4mja hembygdsv\u00e5rden och naturskyddet i Billesholm med kringliggande bygder och vill i detta syfte verka f\u00f6r beh\u00e5llandet av de s\u00e4regna f\u00f6rh\u00e5llanden, som i kulturellt h\u00e4nseende utm\u00e4rker trakten i fr\u00e5ga, bevarandet av natur och kulturminnen av v\u00e4rde, samt verka f\u00f6r \u00f6kandet av kunskapen om och d\u00e4rmed k\u00e4rleken till hembygden&#8221;. <\/p>\t\t\t\t\t\t\t\t<\/div>\n\t\t\t\t<\/div>\n\t\t\t\t<section class=\"elementor-section elementor-inner-section elementor-element elementor-element-5dda242 elementor-section-boxed elementor-section-height-default elementor-section-height-default\" data-id=\"5dda242\" data-element_type=\"section\" data-e-type=\"section\">\n\t\t\t\t\t\t<div class=\"elementor-container elementor-column-gap-default\">\n\t\t\t\t\t<div class=\"elementor-column elementor-col-50 elementor-inner-column elementor-element elementor-element-7fc29e1\" data-id=\"7fc29e1\" data-element_type=\"column\" data-e-type=\"column\">\n\t\t\t<div class=\"elementor-widget-wrap elementor-element-populated\">\n\t\t\t\t\t\t<div class=\"elementor-element elementor-element-c97e2a1 elementor-widget elementor-widget-text-editor\" data-id=\"c97e2a1\" data-element_type=\"widget\" data-e-type=\"widget\" data-widget_type=\"text-editor.default\">\n\t\t\t\t<div class=\"elementor-widget-container\">\n\t\t\t\t\t\t\t\t\t<p>Som ett led i denna str\u00e4van b\u00f6rjade Josef Nilsson 1954 ge ut lokaltidningen &#8221;Vi Billesholmare&#8221;, som fr\u00e5n och med \u00e5r 1969 blev f\u00f6reningens medlemsblad. Efter Josef Nilssons bortg\u00e5ng 1976 \u00e4ndrades namnet till &#8221;Grufvan\u201d 1977.<\/p>\t\t\t\t\t\t\t\t<\/div>\n\t\t\t\t<\/div>\n\t\t\t\t\t<\/div>\n\t\t<\/div>\n\t\t\t\t<div class=\"elementor-column elementor-col-50 elementor-inner-column elementor-element elementor-element-4faebcd\" data-id=\"4faebcd\" data-element_type=\"column\" data-e-type=\"column\">\n\t\t\t<div class=\"elementor-widget-wrap elementor-element-populated\">\n\t\t\t\t\t\t<div class=\"elementor-element elementor-element-f34f611 elementor-widget elementor-widget-image\" data-id=\"f34f611\" data-element_type=\"widget\" data-e-type=\"widget\" data-widget_type=\"image.default\">\n\t\t\t\t<div class=\"elementor-widget-container\">\n\t\t\t\t\t\t\t\t\t\t\t\t\t\t\t<img decoding=\"async\" width=\"187\" height=\"78\" src=\"https:\/\/i0.wp.com\/bthf.nu\/wp-content\/uploads\/2019\/11\/vi_billesholmare.webp?fit=187%2C78&amp;ssl=1\" class=\"attachment-large size-large wp-image-54\" alt=\"\" \/>\t\t\t\t\t\t\t\t\t\t\t\t\t\t\t<\/div>\n\t\t\t\t<\/div>\n\t\t\t\t\t<\/div>\n\t\t<\/div>\n\t\t\t\t\t<\/div>\n\t\t<\/section>\n\t\t\t\t<div class=\"elementor-element elementor-element-3696ec0 elementor-widget elementor-widget-text-editor\" data-id=\"3696ec0\" data-element_type=\"widget\" data-e-type=\"widget\" data-widget_type=\"text-editor.default\">\n\t\t\t\t<div class=\"elementor-widget-container\">\n\t\t\t\t\t\t\t\t\t<p>Ny redakt\u00f6r blev Ernst Olsson, som kom att redigera tidningen i hela 25 \u00e5r fram till och med 2001. Samtidigt kom tidskriften ocks\u00e5 nu att omfatta inte bara Billesholm utan \u00e4ven kommundelarna Bjuv och Ekeby. Fr\u00e5n och med \u00e5r 2002 ges nu varje \u00e5r ut en \u00e5rsskrift, som redigeras av en styrelsevald redaktionskommitt\u00e9. \u00c5rsskriften brukar distribueras i februari n\u00e4stf\u00f6ljande \u00e5r.<br \/>F\u00f6r sin verksamhet disponerar f\u00f6reningen pr\u00e4stg\u00e5rden i Norra Vram sedan 1982 och vidare som \u00e4gare till fastigheten fr\u00e5n 1993. Den anrika pr\u00e4stg\u00e5rden blev 1995, efter initiativ fr\u00e5n styrelsen, byggnadsminnesf\u00f6rklarad.<br \/>I den rymliga kulturbyggnaden, byggd \u00e5r 1816, finns nu hembygdsarkiv och antikvariat samt ett minnesrum \u00f6ver 1800-talets folkk\u00e4re f\u00f6rfattare, Gustaf Henrik Mellin, tillika pr\u00e4st i N Vram. Dessutom finns ett museum i en annan byggnad p\u00e5 tomten kallad &#8221;Stallet&#8221;.<\/p>\t\t\t\t\t\t\t\t<\/div>\n\t\t\t\t<\/div>\n\t\t\t\t\t<\/div>\n\t\t<\/div>\n\t\t\t\t\t<\/div>\n\t\t<\/section>\n\t\t\t\t<\/div>\n\t\t","protected":false},"excerpt":{"rendered":"<p>Historik F\u00f6reningen bildades 1928 p\u00e5 initiativ av kartografen Edwin Ahlanzberg och handlanden Josef Nilsson. Enligt stadgarna har den till \u00e4ndam\u00e5l att: &#8221;Fr\u00e4mja hembygdsv\u00e5rden och naturskyddet&hellip;<\/p>\n","protected":false},"author":1,"featured_media":0,"parent":0,"menu_order":0,"comment_status":"closed","ping_status":"closed","template":"","meta":{"footnotes":""},"class_list":["post-107","page","type-page","status-publish","hentry"],"jetpack_sharing_enabled":true,"_links":{"self":[{"href":"https:\/\/bthf.nu\/index.php\/wp-json\/wp\/v2\/pages\/107","targetHints":{"allow":["GET"]}}],"collection":[{"href":"https:\/\/bthf.nu\/index.php\/wp-json\/wp\/v2\/pages"}],"about":[{"href":"https:\/\/bthf.nu\/index.php\/wp-json\/wp\/v2\/types\/page"}],"author":[{"embeddable":true,"href":"https:\/\/bthf.nu\/index.php\/wp-json\/wp\/v2\/users\/1"}],"replies":[{"embeddable":true,"href":"https:\/\/bthf.nu\/index.php\/wp-json\/wp\/v2\/comments?post=107"}],"version-history":[{"count":5,"href":"https:\/\/bthf.nu\/index.php\/wp-json\/wp\/v2\/pages\/107\/revisions"}],"predecessor-version":[{"id":449,"href":"https:\/\/bthf.nu\/index.php\/wp-json\/wp\/v2\/pages\/107\/revisions\/449"}],"wp:attachment":[{"href":"https:\/\/bthf.nu\/index.php\/wp-json\/wp\/v2\/media?parent=107"}],"curies":[{"name":"wp","href":"https:\/\/api.w.org\/{rel}","templated":true}]}}